{"id":1012,"date":"2024-04-11T15:10:25","date_gmt":"2024-04-11T13:10:25","guid":{"rendered":"https:\/\/eatthefrog.de\/?page_id=1012"},"modified":"2025-03-29T05:18:43","modified_gmt":"2025-03-29T04:18:43","slug":"arfi","status":"publish","type":"page","link":"https:\/\/eatthefrog.de\/en\/projekte\/arfi\/","title":{"rendered":"ARFI"},"content":{"rendered":"<div class=\"wp-block-image\">\n<figure class=\"aligncenter size-large\"><img loading=\"lazy\" decoding=\"async\" width=\"1024\" height=\"679\" src=\"https:\/\/eatthefrog.de\/wp-content\/uploads\/2025\/03\/35604-003560420027-1024x679.jpg\" alt=\"\" class=\"wp-image-1078\" srcset=\"https:\/\/eatthefrog.de\/wp-content\/uploads\/2025\/03\/35604-003560420027-1024x679.jpg 1024w, https:\/\/eatthefrog.de\/wp-content\/uploads\/2025\/03\/35604-003560420027-300x199.jpg 300w, https:\/\/eatthefrog.de\/wp-content\/uploads\/2025\/03\/35604-003560420027-768x509.jpg 768w, https:\/\/eatthefrog.de\/wp-content\/uploads\/2025\/03\/35604-003560420027-1536x1019.jpg 1536w, https:\/\/eatthefrog.de\/wp-content\/uploads\/2025\/03\/35604-003560420027-2048x1358.jpg 2048w, https:\/\/eatthefrog.de\/wp-content\/uploads\/2025\/03\/35604-003560420027-18x12.jpg 18w, https:\/\/eatthefrog.de\/wp-content\/uploads\/2025\/03\/35604-003560420027-540x358.jpg 540w, https:\/\/eatthefrog.de\/wp-content\/uploads\/2025\/03\/35604-003560420027-1080x716.jpg 1080w, https:\/\/eatthefrog.de\/wp-content\/uploads\/2025\/03\/35604-003560420027-1980x1313.jpg 1980w\" sizes=\"auto, (max-width: 1024px) 100vw, 1024px\" \/><\/figure>\n<\/div>\n\n\n<hr class=\"wp-block-separator has-alpha-channel-opacity\"\/>\n\n\n\n<p class=\"wp-block-paragraph\">Katr\u00edn Helga \u00d3lafsd\u00f3ttir &#8211; Bass, Voice<\/p>\n\n\n\n<p class=\"wp-block-paragraph\">Tobias Link &#8211; Keys, Trombone, FX, Voice<\/p>\n\n\n\n<p class=\"wp-block-paragraph\">Stefan Vidal Schneider &#8211; Drums, Keys, FX, Voice<\/p>\n\n\n\n<hr class=\"wp-block-separator has-alpha-channel-opacity\"\/>\n\n\n\n<h2 class=\"wp-block-heading\">ARFI<\/h2>\n\n\n\n<p class=\"wp-block-paragraph\">arfi is a freely evolving and ever-changing organism.&nbsp;<\/p>\n\n\n\n<p class=\"wp-block-paragraph\">Sometimes in the form of a beautiful wild flower that lolls in the wind and casts a spell over its viewers, sometimes a rough, prickly and downright unruly thistle that paves its way through the stony tarmac.<\/p>\n\n\n\n<p class=\"wp-block-paragraph\">In Icelandic, arfi stands for the unruly \u201eUnkraut&#8220; (&#8222;weed&#8220;), that grows with a mind of its own, that refuses to be subdued and reveals its natural beauty to the observer that sees through the layers of prefabricated ideals.<\/p>\n\n\n\n<p class=\"wp-block-paragraph\">arfi is irrepressible and tender, screaming and whispering, dreamy and raw, heavy-breathing and ecstatic.<\/p>\n\n\n\n<p class=\"wp-block-paragraph\">arfi is all this.<\/p>\n\n\n\n<p class=\"wp-block-paragraph\">arfi are Katr\u00edn Helga \u00d3lafsd\u00f3ttir (bass\/voc), Tobias Link (keys\/trb\/fx\/voc) and Stefan Vidal-Schneider (drums\/keys\/fx\/voc).<\/p>\n\n\n\n<hr class=\"wp-block-separator has-alpha-channel-opacity\"\/>\n\n\n\n<figure class=\"wp-block-gallery alignwide has-nested-images columns-default is-cropped wp-block-gallery-1 is-layout-flex wp-block-gallery-is-layout-flex\">\n<figure class=\"wp-block-image size-large\"><img loading=\"lazy\" decoding=\"async\" width=\"1024\" height=\"680\" data-id=\"1027\" src=\"https:\/\/eatthefrog.de\/wp-content\/uploads\/2024\/04\/8-1-1024x680.png\" alt=\"\" class=\"wp-image-1027\" srcset=\"https:\/\/eatthefrog.de\/wp-content\/uploads\/2024\/04\/8-1-1024x680.png 1024w, https:\/\/eatthefrog.de\/wp-content\/uploads\/2024\/04\/8-1-300x199.png 300w, https:\/\/eatthefrog.de\/wp-content\/uploads\/2024\/04\/8-1-768x510.png 768w, https:\/\/eatthefrog.de\/wp-content\/uploads\/2024\/04\/8-1-1536x1020.png 1536w, https:\/\/eatthefrog.de\/wp-content\/uploads\/2024\/04\/8-1-2048x1361.png 2048w, https:\/\/eatthefrog.de\/wp-content\/uploads\/2024\/04\/8-1-18x12.png 18w, https:\/\/eatthefrog.de\/wp-content\/uploads\/2024\/04\/8-1-540x359.png 540w, https:\/\/eatthefrog.de\/wp-content\/uploads\/2024\/04\/8-1-1080x717.png 1080w, https:\/\/eatthefrog.de\/wp-content\/uploads\/2024\/04\/8-1-1980x1315.png 1980w\" sizes=\"auto, (max-width: 1024px) 100vw, 1024px\" \/><\/figure>\n\n\n\n<figure class=\"wp-block-image size-large\"><img loading=\"lazy\" decoding=\"async\" width=\"1024\" height=\"714\" data-id=\"1025\" src=\"https:\/\/eatthefrog.de\/wp-content\/uploads\/2024\/04\/8-1024x714.png\" alt=\"\" class=\"wp-image-1025\" srcset=\"https:\/\/eatthefrog.de\/wp-content\/uploads\/2024\/04\/8-1024x714.png 1024w, https:\/\/eatthefrog.de\/wp-content\/uploads\/2024\/04\/8-300x209.png 300w, https:\/\/eatthefrog.de\/wp-content\/uploads\/2024\/04\/8-768x535.png 768w, https:\/\/eatthefrog.de\/wp-content\/uploads\/2024\/04\/8-1536x1071.png 1536w, https:\/\/eatthefrog.de\/wp-content\/uploads\/2024\/04\/8-2048x1428.png 2048w, https:\/\/eatthefrog.de\/wp-content\/uploads\/2024\/04\/8-18x12.png 18w, https:\/\/eatthefrog.de\/wp-content\/uploads\/2024\/04\/8-540x376.png 540w, https:\/\/eatthefrog.de\/wp-content\/uploads\/2024\/04\/8-1080x753.png 1080w, https:\/\/eatthefrog.de\/wp-content\/uploads\/2024\/04\/8-1980x1380.png 1980w\" sizes=\"auto, (max-width: 1024px) 100vw, 1024px\" \/><\/figure>\n\n\n\n<figure class=\"wp-block-image size-large\"><img loading=\"lazy\" decoding=\"async\" width=\"1024\" height=\"683\" data-id=\"1115\" src=\"https:\/\/eatthefrog.de\/wp-content\/uploads\/2025\/03\/DSC1070-1024x683.jpg\" alt=\"\" class=\"wp-image-1115\" srcset=\"https:\/\/eatthefrog.de\/wp-content\/uploads\/2025\/03\/DSC1070-1024x683.jpg 1024w, https:\/\/eatthefrog.de\/wp-content\/uploads\/2025\/03\/DSC1070-300x200.jpg 300w, https:\/\/eatthefrog.de\/wp-content\/uploads\/2025\/03\/DSC1070-768x512.jpg 768w, https:\/\/eatthefrog.de\/wp-content\/uploads\/2025\/03\/DSC1070-1536x1024.jpg 1536w, https:\/\/eatthefrog.de\/wp-content\/uploads\/2025\/03\/DSC1070-2048x1365.jpg 2048w, https:\/\/eatthefrog.de\/wp-content\/uploads\/2025\/03\/DSC1070-18x12.jpg 18w, https:\/\/eatthefrog.de\/wp-content\/uploads\/2025\/03\/DSC1070-540x360.jpg 540w, https:\/\/eatthefrog.de\/wp-content\/uploads\/2025\/03\/DSC1070-1080x720.jpg 1080w, https:\/\/eatthefrog.de\/wp-content\/uploads\/2025\/03\/DSC1070-1980x1320.jpg 1980w\" sizes=\"auto, (max-width: 1024px) 100vw, 1024px\" \/><\/figure>\n\n\n\n<figure class=\"wp-block-image size-large\"><img loading=\"lazy\" decoding=\"async\" width=\"1024\" height=\"648\" data-id=\"1120\" src=\"https:\/\/eatthefrog.de\/wp-content\/uploads\/2025\/03\/Bildschirmfoto-2025-03-29-um-04.50.39-1024x648.png\" alt=\"\" class=\"wp-image-1120\" srcset=\"https:\/\/eatthefrog.de\/wp-content\/uploads\/2025\/03\/Bildschirmfoto-2025-03-29-um-04.50.39-1024x648.png 1024w, https:\/\/eatthefrog.de\/wp-content\/uploads\/2025\/03\/Bildschirmfoto-2025-03-29-um-04.50.39-300x190.png 300w, https:\/\/eatthefrog.de\/wp-content\/uploads\/2025\/03\/Bildschirmfoto-2025-03-29-um-04.50.39-768x486.png 768w, https:\/\/eatthefrog.de\/wp-content\/uploads\/2025\/03\/Bildschirmfoto-2025-03-29-um-04.50.39-1536x971.png 1536w, https:\/\/eatthefrog.de\/wp-content\/uploads\/2025\/03\/Bildschirmfoto-2025-03-29-um-04.50.39-2048x1295.png 2048w, https:\/\/eatthefrog.de\/wp-content\/uploads\/2025\/03\/Bildschirmfoto-2025-03-29-um-04.50.39-18x12.png 18w, https:\/\/eatthefrog.de\/wp-content\/uploads\/2025\/03\/Bildschirmfoto-2025-03-29-um-04.50.39-540x342.png 540w, https:\/\/eatthefrog.de\/wp-content\/uploads\/2025\/03\/Bildschirmfoto-2025-03-29-um-04.50.39-1080x683.png 1080w, https:\/\/eatthefrog.de\/wp-content\/uploads\/2025\/03\/Bildschirmfoto-2025-03-29-um-04.50.39-1980x1252.png 1980w\" sizes=\"auto, (max-width: 1024px) 100vw, 1024px\" \/><\/figure>\n\n\n\n<figure class=\"wp-block-image size-large\"><img loading=\"lazy\" decoding=\"async\" width=\"1024\" height=\"681\" data-id=\"1118\" src=\"https:\/\/eatthefrog.de\/wp-content\/uploads\/2025\/03\/Bildschirmfoto-2025-03-29-um-05.14.38-1024x681.png\" alt=\"\" class=\"wp-image-1118\" srcset=\"https:\/\/eatthefrog.de\/wp-content\/uploads\/2025\/03\/Bildschirmfoto-2025-03-29-um-05.14.38-1024x681.png 1024w, https:\/\/eatthefrog.de\/wp-content\/uploads\/2025\/03\/Bildschirmfoto-2025-03-29-um-05.14.38-300x200.png 300w, https:\/\/eatthefrog.de\/wp-content\/uploads\/2025\/03\/Bildschirmfoto-2025-03-29-um-05.14.38-768x511.png 768w, https:\/\/eatthefrog.de\/wp-content\/uploads\/2025\/03\/Bildschirmfoto-2025-03-29-um-05.14.38-1536x1022.png 1536w, https:\/\/eatthefrog.de\/wp-content\/uploads\/2025\/03\/Bildschirmfoto-2025-03-29-um-05.14.38-2048x1363.png 2048w, https:\/\/eatthefrog.de\/wp-content\/uploads\/2025\/03\/Bildschirmfoto-2025-03-29-um-05.14.38-18x12.png 18w, https:\/\/eatthefrog.de\/wp-content\/uploads\/2025\/03\/Bildschirmfoto-2025-03-29-um-05.14.38-540x359.png 540w, https:\/\/eatthefrog.de\/wp-content\/uploads\/2025\/03\/Bildschirmfoto-2025-03-29-um-05.14.38-1080x719.png 1080w, https:\/\/eatthefrog.de\/wp-content\/uploads\/2025\/03\/Bildschirmfoto-2025-03-29-um-05.14.38-1980x1318.png 1980w\" sizes=\"auto, (max-width: 1024px) 100vw, 1024px\" \/><\/figure>\n\n\n\n<figure class=\"wp-block-image size-large\"><img loading=\"lazy\" decoding=\"async\" width=\"1024\" height=\"675\" data-id=\"1119\" src=\"https:\/\/eatthefrog.de\/wp-content\/uploads\/2025\/03\/Bildschirmfoto-2025-03-29-um-04.51.20-1024x675.png\" alt=\"\" class=\"wp-image-1119\" srcset=\"https:\/\/eatthefrog.de\/wp-content\/uploads\/2025\/03\/Bildschirmfoto-2025-03-29-um-04.51.20-1024x675.png 1024w, https:\/\/eatthefrog.de\/wp-content\/uploads\/2025\/03\/Bildschirmfoto-2025-03-29-um-04.51.20-300x198.png 300w, https:\/\/eatthefrog.de\/wp-content\/uploads\/2025\/03\/Bildschirmfoto-2025-03-29-um-04.51.20-768x506.png 768w, https:\/\/eatthefrog.de\/wp-content\/uploads\/2025\/03\/Bildschirmfoto-2025-03-29-um-04.51.20-1536x1012.png 1536w, https:\/\/eatthefrog.de\/wp-content\/uploads\/2025\/03\/Bildschirmfoto-2025-03-29-um-04.51.20-2048x1350.png 2048w, https:\/\/eatthefrog.de\/wp-content\/uploads\/2025\/03\/Bildschirmfoto-2025-03-29-um-04.51.20-18x12.png 18w, https:\/\/eatthefrog.de\/wp-content\/uploads\/2025\/03\/Bildschirmfoto-2025-03-29-um-04.51.20-540x356.png 540w, https:\/\/eatthefrog.de\/wp-content\/uploads\/2025\/03\/Bildschirmfoto-2025-03-29-um-04.51.20-1080x712.png 1080w, https:\/\/eatthefrog.de\/wp-content\/uploads\/2025\/03\/Bildschirmfoto-2025-03-29-um-04.51.20-1980x1305.png 1980w\" sizes=\"auto, (max-width: 1024px) 100vw, 1024px\" \/><\/figure>\n<figcaption class=\"blocks-gallery-caption wp-element-caption\">Fotos: Alejandro Ramos \/ privat<\/figcaption><\/figure>\n\n\n\n<hr class=\"wp-block-separator has-alpha-channel-opacity\"\/>\n\n\n\n<h2 class=\"wp-block-heading\">Dates:<\/h2>\n\n\n\n<p class=\"wp-block-paragraph\">June 1st 2025 \u2022 Concert in Berlin, Germany, TBA<\/p>\n\n\n\n<p class=\"wp-block-paragraph\">January 6-27th, 2025 \u2022&nbsp;Recording @ Studio Hlj\u00f3\u00f0rit in Hafnarfj\u00f6r\u00f0ur, Iceland<\/p>\n\n\n\n<hr class=\"wp-block-separator has-alpha-channel-opacity\"\/>\n\n\n\n<p class=\"wp-block-paragraph\"><\/p>","protected":false},"excerpt":{"rendered":"<p>Katr\u00edn Helga \u00d3lafsd\u00f3ttir &#8211; Bass, Voice Tobias Link &#8211; Keys, Trombone, FX, Voice Stefan Vidal Schneider &#8211; Drums, Keys, FX, Voice ARFI arfi is a freely evolving and&hellip;<\/p>","protected":false},"author":2,"featured_media":0,"parent":18,"menu_order":8,"comment_status":"closed","ping_status":"closed","template":"","meta":{"_crdt_document":"","footnotes":""},"class_list":["post-1012","page","type-page","status-publish","hentry"],"_links":{"self":[{"href":"https:\/\/eatthefrog.de\/en\/wp-json\/wp\/v2\/pages\/1012","targetHints":{"allow":["GET"]}}],"collection":[{"href":"https:\/\/eatthefrog.de\/en\/wp-json\/wp\/v2\/pages"}],"about":[{"href":"https:\/\/eatthefrog.de\/en\/wp-json\/wp\/v2\/types\/page"}],"author":[{"embeddable":true,"href":"https:\/\/eatthefrog.de\/en\/wp-json\/wp\/v2\/users\/2"}],"replies":[{"embeddable":true,"href":"https:\/\/eatthefrog.de\/en\/wp-json\/wp\/v2\/comments?post=1012"}],"version-history":[{"count":17,"href":"https:\/\/eatthefrog.de\/en\/wp-json\/wp\/v2\/pages\/1012\/revisions"}],"predecessor-version":[{"id":1121,"href":"https:\/\/eatthefrog.de\/en\/wp-json\/wp\/v2\/pages\/1012\/revisions\/1121"}],"up":[{"embeddable":true,"href":"https:\/\/eatthefrog.de\/en\/wp-json\/wp\/v2\/pages\/18"}],"wp:attachment":[{"href":"https:\/\/eatthefrog.de\/en\/wp-json\/wp\/v2\/media?parent=1012"}],"curies":[{"name":"wp","href":"https:\/\/api.w.org\/{rel}","templated":true}]}}