{"id":488,"date":"2024-02-13T15:50:31","date_gmt":"2024-02-13T14:50:31","guid":{"rendered":"https:\/\/eatthefrog.de\/?page_id=488"},"modified":"2025-03-14T18:44:09","modified_gmt":"2025-03-14T17:44:09","slug":"blog","status":"publish","type":"page","link":"https:\/\/eatthefrog.de\/en\/blog\/","title":{"rendered":"Blog\/News"},"content":{"rendered":"<div class=\"wp-block-columns alignwide is-layout-flex wp-container-core-columns-is-layout-8f761849 wp-block-columns-is-layout-flex\">\n<div class=\"wp-block-column is-layout-flow wp-block-column-is-layout-flow\" style=\"flex-basis:100%\"><\/div>\n<\/div>\n\n\n\n<hr class=\"wp-block-separator alignwide has-alpha-channel-opacity\"\/>\n\n\n\n<div class=\"wp-block-columns alignwide is-layout-flex wp-container-core-columns-is-layout-8f761849 wp-block-columns-is-layout-flex\">\n<div class=\"wp-block-column is-layout-flow wp-block-column-is-layout-flow\" style=\"flex-basis:33.33%\">\n<figure class=\"wp-block-image size-full\"><img loading=\"lazy\" decoding=\"async\" width=\"680\" height=\"588\" src=\"https:\/\/eatthefrog.de\/wp-content\/uploads\/2025\/03\/IMG_0161.jpg\" alt=\"\" class=\"wp-image-1074\" srcset=\"https:\/\/eatthefrog.de\/wp-content\/uploads\/2025\/03\/IMG_0161.jpg 680w, https:\/\/eatthefrog.de\/wp-content\/uploads\/2025\/03\/IMG_0161-300x259.jpg 300w, https:\/\/eatthefrog.de\/wp-content\/uploads\/2025\/03\/IMG_0161-14x12.jpg 14w, https:\/\/eatthefrog.de\/wp-content\/uploads\/2025\/03\/IMG_0161-540x467.jpg 540w\" sizes=\"auto, (max-width: 680px) 100vw, 680px\" \/><figcaption class=\"wp-element-caption\">Album Release: April 17th 2025<\/figcaption><\/figure>\n<\/div>\n\n\n\n<div class=\"wp-block-column is-layout-flow wp-block-column-is-layout-flow\" style=\"flex-basis:66.66%\">\n<h2 class=\"wp-block-heading\"><em>Upcoming Release:<\/em> EAT THE FROG Kollektiv feat. Hayden Chisholm &#8211; UNCIVILISATION &#8211; The Dark Mountain Manifesto<\/h2>\n\n\n\n<p class=\"wp-block-paragraph\">We&#8217;re happy to announce the release of our album, which we recorded with Georg Niehusmann at the Folkwang Studios in Essen on April 17th, on the German label JazzHausMusik from Cologne. It features Hayden Chisholm reading the Uncivilisation-Manifesto while we play around his words with our instruments.<\/p>\n\n\n\n<p class=\"wp-block-paragraph\">We will play three release concerts in Denmark in April and more in the fall!<\/p>\n\n\n\n<p class=\"wp-block-paragraph\">Many thanks to Dougald Hine and Paul Kingsnorth, Hayden Chisholm, Georg Niehusmann and Georg Ruby for making this possible.<\/p>\n\n\n\n<p class=\"wp-block-paragraph\">\ud83d\udc9b<\/p>\n<\/div>\n<\/div>\n\n\n\n<hr class=\"wp-block-separator alignwide has-alpha-channel-opacity\"\/>\n\n\n\n<div class=\"wp-block-columns alignwide is-layout-flex wp-container-core-columns-is-layout-8f761849 wp-block-columns-is-layout-flex\">\n<div class=\"wp-block-column is-layout-flow wp-block-column-is-layout-flow\" style=\"flex-basis:33.34%\">\n<figure class=\"wp-block-image size-large\"><img loading=\"lazy\" decoding=\"async\" width=\"1024\" height=\"685\" src=\"https:\/\/eatthefrog.de\/wp-content\/uploads\/2025\/03\/16-1024x685.jpg\" alt=\"\" class=\"wp-image-1071\" srcset=\"https:\/\/eatthefrog.de\/wp-content\/uploads\/2025\/03\/16-1024x685.jpg 1024w, https:\/\/eatthefrog.de\/wp-content\/uploads\/2025\/03\/16-300x201.jpg 300w, https:\/\/eatthefrog.de\/wp-content\/uploads\/2025\/03\/16-768x514.jpg 768w, https:\/\/eatthefrog.de\/wp-content\/uploads\/2025\/03\/16-1536x1028.jpg 1536w, https:\/\/eatthefrog.de\/wp-content\/uploads\/2025\/03\/16-2048x1370.jpg 2048w, https:\/\/eatthefrog.de\/wp-content\/uploads\/2025\/03\/16-18x12.jpg 18w, https:\/\/eatthefrog.de\/wp-content\/uploads\/2025\/03\/16-540x361.jpg 540w, https:\/\/eatthefrog.de\/wp-content\/uploads\/2025\/03\/16-1080x722.jpg 1080w, https:\/\/eatthefrog.de\/wp-content\/uploads\/2025\/03\/16-1980x1325.jpg 1980w\" sizes=\"auto, (max-width: 1024px) 100vw, 1024px\" \/><\/figure>\n\n\n\n<p class=\"wp-block-paragraph\">Hafnarfj\u00f6r\u00f0ur, Iceland &#8211; January 2025<\/p>\n\n\n\n<p class=\"wp-block-paragraph\"><\/p>\n<\/div>\n\n\n\n<div class=\"wp-block-column is-layout-flow wp-block-column-is-layout-flow\" style=\"flex-basis:66.66%\">\n<h2 class=\"wp-block-heading\">Iceland w\/ ARFI<\/h2>\n\n\n\n<p class=\"wp-block-paragraph\">In January we went to Hafnarfj\u00f6r\u00f0ur\/Iceland for 3 weeks to record an album with our band <a href=\"https:\/\/eatthefrog.de\/en\/projekte\/arfi\/\" data-type=\"page\" data-id=\"1012\">ARFI<\/a>. We had such a great time, made new friends and met so many great musicians and artists. We saw whales swimming in the ocean, the northern lights, ate a lot of homemade ice cream, went to see Bjork at the premiere of her movie Cornucopia, saw several concerts by Katr\u00edn&#8217;s band K.\u00f3la, threw a waffle party and recorded with great guests like \u00de\u00f3rhildur Magn\u00fasd\u00f3ttir, RAKEL, Sal\u00f3me Katr\u00edn and S\u00f3ley.<\/p>\n\n\n\n<p class=\"wp-block-paragraph\">Now the album is being mixed and mastered by Lukas Streich, who was also with us in Iceland, and we hope to have our music ready for you to listen to soon \ud83d\ude42<\/p>\n\n\n\n<p class=\"wp-block-paragraph\">Thanks to #culturemoveseurope, #creativeeurope and #pushboundaries for the support!<\/p>\n<\/div>\n<\/div>\n\n\n\n<hr class=\"wp-block-separator alignwide has-alpha-channel-opacity\"\/>\n\n\n\n<div class=\"wp-block-columns alignwide is-layout-flex wp-container-core-columns-is-layout-8f761849 wp-block-columns-is-layout-flex\">\n<div class=\"wp-block-column is-layout-flow wp-block-column-is-layout-flow\" style=\"flex-basis:33.33%\">\n<figure class=\"wp-block-image size-large\"><img loading=\"lazy\" decoding=\"async\" width=\"1024\" height=\"1024\" src=\"https:\/\/eatthefrog.de\/wp-content\/uploads\/2024\/02\/Bildschirmfoto-2024-02-26-um-19.29.55-1024x1024.png\" alt=\"\" class=\"wp-image-972\" srcset=\"https:\/\/eatthefrog.de\/wp-content\/uploads\/2024\/02\/Bildschirmfoto-2024-02-26-um-19.29.55-1024x1024.png 1024w, https:\/\/eatthefrog.de\/wp-content\/uploads\/2024\/02\/Bildschirmfoto-2024-02-26-um-19.29.55-300x300.png 300w, https:\/\/eatthefrog.de\/wp-content\/uploads\/2024\/02\/Bildschirmfoto-2024-02-26-um-19.29.55-150x150.png 150w, https:\/\/eatthefrog.de\/wp-content\/uploads\/2024\/02\/Bildschirmfoto-2024-02-26-um-19.29.55-768x768.png 768w, https:\/\/eatthefrog.de\/wp-content\/uploads\/2024\/02\/Bildschirmfoto-2024-02-26-um-19.29.55-12x12.png 12w, https:\/\/eatthefrog.de\/wp-content\/uploads\/2024\/02\/Bildschirmfoto-2024-02-26-um-19.29.55-540x540.png 540w, https:\/\/eatthefrog.de\/wp-content\/uploads\/2024\/02\/Bildschirmfoto-2024-02-26-um-19.29.55-1080x1080.png 1080w, https:\/\/eatthefrog.de\/wp-content\/uploads\/2024\/02\/Bildschirmfoto-2024-02-26-um-19.29.55.png 1380w\" sizes=\"auto, (max-width: 1024px) 100vw, 1024px\" \/><figcaption class=\"wp-element-caption\"><strong>28.11.2023<\/strong><\/figcaption><\/figure>\n<\/div>\n\n\n\n<div class=\"wp-block-column is-layout-flow wp-block-column-is-layout-flow\" style=\"flex-basis:66.66%\">\n<h2 class=\"wp-block-heading\">Trafostation Memorial <\/h2>\n\n\n\n<h3 class=\"wp-block-heading\">Community Dinner, 28.11.2023<\/h3>\n\n\n\n<p class=\"wp-block-paragraph\">18:00: Gathering (&amp; evtl. Drinks) an der Trafostation, Schlaunstra\u00dfe 15<br>18:30: Spaziergang (Trauerzug) zur Erl\u00f6serkirche \u2013 musikalisch begleitet<br>19:00: Begr\u00fc\u00dfung<br>19:30: Community Dinner<br>_____________________________________<br><br>Liebe Unterst\u00fctzer*innen und Freund*innen der Trafostation,<br>am Dienstag, den 28. November, m\u00f6chten wir gemeinsam eine kleine Gedenkfeier f\u00fcr unseren \u00fcber vier Jahre bespielten Kulturraum abhalten, den wir zu November schlie\u00dfen mussten. Es soll eine Gelegenheit des rituellen Abschieds, der Erinnerung und der Vernetzung f\u00fcr den Erhalt subkultureller R\u00e4ume sein.<br>Wir werden uns um 18 Uhr an der Trafostation versammeln. Dann werden wir, musikalisch begleitet, den gemeinsamen Spaziergang zur Erl\u00f6serkirche antreten.<br>Ab 19 Uhr steht uns die Pforte zur Erl\u00f6serkirche (gegen\u00fcber des PGHs) f\u00fcr unser letztes Community Dinner offen. Dieser Abend soll Raum bieten, um Erinnerungen auszutauschen, Ideen zu teilen und gemeinsam f\u00fcr freien, (sub)kulturellen Raum einzustehen. Lasst uns gemeinsam daran erinnern, wie wichtig es ist, R\u00e4ume zu schaffen, in denen Kreativit\u00e4t und Energie flie\u00dfen und wir uns lebendig f\u00fchlen k\u00f6nnen.<br><br>Ort: Trafostation M\u00fcnster (Treffpunkt um 18 Uhr), gefolgt von der Erl\u00f6serkirche (ab 19 Uhr)<br>Datum: Dienstag, 28. November<br><br>Bitte meldet euch \u00fcber den nachfolgenden Link an, wenn ihr dabei sein m\u00f6chtet \ud83d\ude42<br>(Spenden werden vor Ort gesammelt).<br><br>https:\/\/www.localticketing.de\/events\/32020-memorial-community-dinner<\/p>\n<\/div>\n<\/div>\n\n\n\n<hr class=\"wp-block-separator alignwide has-alpha-channel-opacity\"\/>\n\n\n\n<div class=\"wp-block-columns alignwide is-layout-flex wp-container-core-columns-is-layout-8f761849 wp-block-columns-is-layout-flex\">\n<div class=\"wp-block-column is-layout-flow wp-block-column-is-layout-flow\" style=\"flex-basis:33.33%\">\n<figure class=\"wp-block-image size-large\"><img loading=\"lazy\" decoding=\"async\" width=\"1024\" height=\"1024\" src=\"https:\/\/eatthefrog.de\/wp-content\/uploads\/2024\/02\/1-6-1024x1024.png\" alt=\"\" class=\"wp-image-984\" srcset=\"https:\/\/eatthefrog.de\/wp-content\/uploads\/2024\/02\/1-6-1024x1024.png 1024w, https:\/\/eatthefrog.de\/wp-content\/uploads\/2024\/02\/1-6-300x300.png 300w, https:\/\/eatthefrog.de\/wp-content\/uploads\/2024\/02\/1-6-150x150.png 150w, https:\/\/eatthefrog.de\/wp-content\/uploads\/2024\/02\/1-6-768x768.png 768w, https:\/\/eatthefrog.de\/wp-content\/uploads\/2024\/02\/1-6-12x12.png 12w, https:\/\/eatthefrog.de\/wp-content\/uploads\/2024\/02\/1-6-540x540.png 540w, https:\/\/eatthefrog.de\/wp-content\/uploads\/2024\/02\/1-6.png 1080w\" sizes=\"auto, (max-width: 1024px) 100vw, 1024px\" \/><figcaption class=\"wp-element-caption\"><strong>19.11.2023<\/strong><\/figcaption><\/figure>\n<\/div>\n\n\n\n<div class=\"wp-block-column is-layout-flow wp-block-column-is-layout-flow\" style=\"flex-basis:66.66%\">\n<h2 class=\"wp-block-heading\"><strong>Online Premiere: UNCIVILISATION &#8211; The Dark Mountain Manifesto<\/strong><\/h2>\n\n\n\n<figure class=\"wp-block-embed is-type-video is-provider-youtube wp-block-embed-youtube wp-embed-aspect-16-9 wp-has-aspect-ratio\"><div class=\"wp-block-embed__wrapper\">\n<iframe loading=\"lazy\" title=\"UNCIVILISATION \u2022 The Dark Mountain Manifesto\" width=\"580\" height=\"326\" src=\"https:\/\/www.youtube.com\/embed\/C7Lxso_Svbw?start=1&#038;feature=oembed\" frameborder=\"0\" allow=\"accelerometer; autoplay; clipboard-write; encrypted-media; gyroscope; picture-in-picture; web-share\" referrerpolicy=\"strict-origin-when-cross-origin\" allowfullscreen><\/iframe>\n<\/div><figcaption class=\"wp-element-caption\">The whole 60min movie is now available on Vincent's YouTube channel <em>Vincent Moon \/ Petites Plan\u00e8tes<\/em> Have fun and we look forward to your feedback \ud83d\ude42<\/figcaption><\/figure>\n<\/div>\n<\/div>\n\n\n\n<hr class=\"wp-block-separator alignwide has-alpha-channel-opacity\"\/>\n\n\n\n<div class=\"wp-block-columns alignwide is-layout-flex wp-container-core-columns-is-layout-8f761849 wp-block-columns-is-layout-flex\">\n<div class=\"wp-block-column is-layout-flow wp-block-column-is-layout-flow\" style=\"flex-basis:33.33%\">\n<figure class=\"wp-block-image size-large\"><img loading=\"lazy\" decoding=\"async\" width=\"768\" height=\"1024\" src=\"https:\/\/eatthefrog.de\/wp-content\/uploads\/2024\/02\/Plakat-Uncivilisation-2-768x1024.png\" alt=\"\" class=\"wp-image-973\" srcset=\"https:\/\/eatthefrog.de\/wp-content\/uploads\/2024\/02\/Plakat-Uncivilisation-2-768x1024.png 768w, https:\/\/eatthefrog.de\/wp-content\/uploads\/2024\/02\/Plakat-Uncivilisation-2-225x300.png 225w, https:\/\/eatthefrog.de\/wp-content\/uploads\/2024\/02\/Plakat-Uncivilisation-2-1152x1536.png 1152w, https:\/\/eatthefrog.de\/wp-content\/uploads\/2024\/02\/Plakat-Uncivilisation-2-1536x2048.png 1536w, https:\/\/eatthefrog.de\/wp-content\/uploads\/2024\/02\/Plakat-Uncivilisation-2-9x12.png 9w, https:\/\/eatthefrog.de\/wp-content\/uploads\/2024\/02\/Plakat-Uncivilisation-2-540x720.png 540w, https:\/\/eatthefrog.de\/wp-content\/uploads\/2024\/02\/Plakat-Uncivilisation-2-1080x1440.png 1080w, https:\/\/eatthefrog.de\/wp-content\/uploads\/2024\/02\/Plakat-Uncivilisation-2-1980x2640.png 1980w\" sizes=\"auto, (max-width: 768px) 100vw, 768px\" \/><figcaption class=\"wp-element-caption\"><strong>12.11.2023<\/strong> Cinema M\u00fcnster<\/figcaption><\/figure>\n<\/div>\n\n\n\n<div class=\"wp-block-column is-layout-flow wp-block-column-is-layout-flow\" style=\"flex-basis:66.66%\">\n<h2 class=\"wp-block-heading\">Our film in theater!<\/h2>\n\n\n\n<p class=\"wp-block-paragraph\">Film premiere of \"UNCIVILISATION - The Dark Mountain Manifesto\" at Cinema M\u00fcnster. <\/p>\n\n\n\n<p class=\"wp-block-paragraph\">On 12.11.2023 at 8 pm. Film screening + artist talk with MNEME kollektiv and us - we're really looking forward to it! \ud83d\ude42<\/p>\n\n\n\n<p class=\"wp-block-paragraph\">tickets: <a href=\"https:\/\/www.cinema-muenster.de\/\">https:\/\/www.cinema-muenster.de\/<\/a><\/p>\n\n\n\n<p class=\"wp-block-paragraph\">..and more about the movie <a href=\"https:\/\/eatthefrog.de\/en\/projekte\/uncivilisation\/\" data-type=\"page\" data-id=\"611\">here<\/a><\/p>\n<\/div>\n<\/div>\n\n\n\n<hr class=\"wp-block-separator alignwide has-alpha-channel-opacity\"\/>","protected":false},"excerpt":{"rendered":"<p>Upcoming Release: EAT THE FROG Kollektiv feat. Hayden Chisholm &#8211; UNCIVILISATION &#8211; The Dark Mountain Manifesto We&#8217;re happy to announce the release of our album, which we recorded&hellip;<\/p>","protected":false},"author":2,"featured_media":0,"parent":0,"menu_order":0,"comment_status":"closed","ping_status":"closed","template":"","meta":{"_crdt_document":"","footnotes":""},"class_list":["post-488","page","type-page","status-publish","hentry"],"_links":{"self":[{"href":"https:\/\/eatthefrog.de\/en\/wp-json\/wp\/v2\/pages\/488","targetHints":{"allow":["GET"]}}],"collection":[{"href":"https:\/\/eatthefrog.de\/en\/wp-json\/wp\/v2\/pages"}],"about":[{"href":"https:\/\/eatthefrog.de\/en\/wp-json\/wp\/v2\/types\/page"}],"author":[{"embeddable":true,"href":"https:\/\/eatthefrog.de\/en\/wp-json\/wp\/v2\/users\/2"}],"replies":[{"embeddable":true,"href":"https:\/\/eatthefrog.de\/en\/wp-json\/wp\/v2\/comments?post=488"}],"version-history":[{"count":16,"href":"https:\/\/eatthefrog.de\/en\/wp-json\/wp\/v2\/pages\/488\/revisions"}],"predecessor-version":[{"id":1084,"href":"https:\/\/eatthefrog.de\/en\/wp-json\/wp\/v2\/pages\/488\/revisions\/1084"}],"wp:attachment":[{"href":"https:\/\/eatthefrog.de\/en\/wp-json\/wp\/v2\/media?parent=488"}],"curies":[{"name":"wp","href":"https:\/\/api.w.org\/{rel}","templated":true}]}}