{"id":613,"date":"2024-02-15T21:25:34","date_gmt":"2024-02-15T20:25:34","guid":{"rendered":"https:\/\/eatthefrog.de\/?page_id=613"},"modified":"2024-02-26T17:27:41","modified_gmt":"2024-02-26T16:27:41","slug":"niemandsland","status":"publish","type":"page","link":"https:\/\/eatthefrog.de\/en\/projekte\/niemandsland\/","title":{"rendered":"Niemandsland"},"content":{"rendered":"<p class=\"wp-block-paragraph\">a dance theater piece for people aged 14 and over<\/p>\n\n\n\n<p class=\"wp-block-paragraph\"><\/p>\n\n\n\n<p class=\"wp-block-paragraph\"><strong>Choreography &amp; Dance: <\/strong>Isabel Bernhard, Sarah Bernhard, Friederike Klodwig, Charlotte Petersen<br><strong>Composition &amp; Music:<\/strong> EAT THE FROG-Kollektiv: Tobias Link, Stefan Vidal Schneider<br><strong>Stage Design:<\/strong> Lennard Dose, Nils Kassens<br><strong>Philosophical preliminary talk: <\/strong>Mario Soose<br><strong>Costumes:<\/strong> Cordelia Lange<br><strong>Lighting design:<\/strong> Emilio D\u00edaz Abreg\u00fa<br><strong>Premiere:<\/strong> 27.11.2022<br><strong>Cooperation: <\/strong>Kloster Bentlage Rheine<br><strong>Funded by: <\/strong>Ministerium f\u00fcr Kultur und Wissenschaft des Landes NRW, NRW Landesb\u00fcro Freie Darstellende K\u00fcnste, Kulturamt der Stadt M\u00fcnster, INITIAL Sonderstipendium, MKW Stipendien &#8218;Auf geht&#8217;s&#8216;, LWL Kulturf\u00f6rderung<\/p>\n\n\n\n<hr class=\"wp-block-separator has-alpha-channel-opacity\"\/>\n\n\n\n<figure class=\"wp-block-embed alignwide is-type-video is-provider-youtube wp-block-embed-youtube wp-embed-aspect-16-9 wp-has-aspect-ratio\"><div class=\"wp-block-embed__wrapper\">\n<iframe loading=\"lazy\" title=\"TRAILER: Niemandsland\" width=\"580\" height=\"326\" src=\"https:\/\/www.youtube.com\/embed\/2zbESCTXMa4?feature=oembed\" frameborder=\"0\" allow=\"accelerometer; autoplay; clipboard-write; encrypted-media; gyroscope; picture-in-picture; web-share\" referrerpolicy=\"strict-origin-when-cross-origin\" allowfullscreen><\/iframe>\n<\/div><\/figure>\n\n\n\n<hr class=\"wp-block-separator has-alpha-channel-opacity\"\/>\n\n\n\n<p class=\"wp-block-paragraph\"><\/p>\n\n\n\n<p class=\"wp-block-paragraph\">'Niemandsland' deals with the current feeling of being overwhelmed and powerless in the face of world events. Four dancers and two musicians contemplate the trembling position of people on the brink of a change that is so immense that it cannot be measured. Together they dare to look into the abyss in search of beauty.<\/p>\n\n\n\n<p class=\"wp-block-paragraph\">\u2019Niemandsland' is based on the text 'Uncivilization - The Dark Mountain Manifesto' by Paul Kingsnorth and Dougald Hine. It is both dance theater and concert and is accompanied by a philosophical preliminary talk and a movement workshop.<\/p>\n\n\n\n<hr class=\"wp-block-separator has-alpha-channel-opacity\"\/>\n\n\n\n<figure class=\"wp-block-gallery alignwide has-nested-images columns-default is-cropped wp-block-gallery-1 is-layout-flex wp-block-gallery-is-layout-flex\">\n<figure class=\"wp-block-image size-large\"><img loading=\"lazy\" decoding=\"async\" width=\"1024\" height=\"698\" data-id=\"700\" src=\"https:\/\/eatthefrog.de\/wp-content\/uploads\/2024\/02\/Niemandsland-Meerwiese-9-1024x698.jpeg\" alt=\"\" class=\"wp-image-700\" srcset=\"https:\/\/eatthefrog.de\/wp-content\/uploads\/2024\/02\/Niemandsland-Meerwiese-9-1024x698.jpeg 1024w, https:\/\/eatthefrog.de\/wp-content\/uploads\/2024\/02\/Niemandsland-Meerwiese-9-300x204.jpeg 300w, https:\/\/eatthefrog.de\/wp-content\/uploads\/2024\/02\/Niemandsland-Meerwiese-9-768x523.jpeg 768w, https:\/\/eatthefrog.de\/wp-content\/uploads\/2024\/02\/Niemandsland-Meerwiese-9-1536x1046.jpeg 1536w, https:\/\/eatthefrog.de\/wp-content\/uploads\/2024\/02\/Niemandsland-Meerwiese-9-2048x1395.jpeg 2048w, https:\/\/eatthefrog.de\/wp-content\/uploads\/2024\/02\/Niemandsland-Meerwiese-9-18x12.jpeg 18w, https:\/\/eatthefrog.de\/wp-content\/uploads\/2024\/02\/Niemandsland-Meerwiese-9-540x368.jpeg 540w, https:\/\/eatthefrog.de\/wp-content\/uploads\/2024\/02\/Niemandsland-Meerwiese-9-1080x736.jpeg 1080w, https:\/\/eatthefrog.de\/wp-content\/uploads\/2024\/02\/Niemandsland-Meerwiese-9-1980x1349.jpeg 1980w\" sizes=\"auto, (max-width: 1024px) 100vw, 1024px\" \/><\/figure>\n\n\n\n<figure class=\"wp-block-image size-large\"><img loading=\"lazy\" decoding=\"async\" width=\"794\" height=\"1024\" data-id=\"707\" src=\"https:\/\/eatthefrog.de\/wp-content\/uploads\/2024\/02\/Niemandsland-Meerwiese-44-794x1024.jpeg\" alt=\"\" class=\"wp-image-707\" srcset=\"https:\/\/eatthefrog.de\/wp-content\/uploads\/2024\/02\/Niemandsland-Meerwiese-44-794x1024.jpeg 794w, https:\/\/eatthefrog.de\/wp-content\/uploads\/2024\/02\/Niemandsland-Meerwiese-44-233x300.jpeg 233w, https:\/\/eatthefrog.de\/wp-content\/uploads\/2024\/02\/Niemandsland-Meerwiese-44-768x991.jpeg 768w, https:\/\/eatthefrog.de\/wp-content\/uploads\/2024\/02\/Niemandsland-Meerwiese-44-1191x1536.jpeg 1191w, https:\/\/eatthefrog.de\/wp-content\/uploads\/2024\/02\/Niemandsland-Meerwiese-44-1588x2048.jpeg 1588w, https:\/\/eatthefrog.de\/wp-content\/uploads\/2024\/02\/Niemandsland-Meerwiese-44-9x12.jpeg 9w, https:\/\/eatthefrog.de\/wp-content\/uploads\/2024\/02\/Niemandsland-Meerwiese-44-540x696.jpeg 540w, https:\/\/eatthefrog.de\/wp-content\/uploads\/2024\/02\/Niemandsland-Meerwiese-44-1080x1393.jpeg 1080w, https:\/\/eatthefrog.de\/wp-content\/uploads\/2024\/02\/Niemandsland-Meerwiese-44-1980x2554.jpeg 1980w, https:\/\/eatthefrog.de\/wp-content\/uploads\/2024\/02\/Niemandsland-Meerwiese-44-scaled.jpeg 1985w\" sizes=\"auto, (max-width: 794px) 100vw, 794px\" \/><\/figure>\n\n\n\n<figure class=\"wp-block-image size-large\"><img loading=\"lazy\" decoding=\"async\" width=\"1024\" height=\"819\" data-id=\"704\" src=\"https:\/\/eatthefrog.de\/wp-content\/uploads\/2024\/02\/Niemandsland-Meerwiese-48-1024x819.jpeg\" alt=\"\" class=\"wp-image-704\" srcset=\"https:\/\/eatthefrog.de\/wp-content\/uploads\/2024\/02\/Niemandsland-Meerwiese-48-1024x819.jpeg 1024w, https:\/\/eatthefrog.de\/wp-content\/uploads\/2024\/02\/Niemandsland-Meerwiese-48-300x240.jpeg 300w, https:\/\/eatthefrog.de\/wp-content\/uploads\/2024\/02\/Niemandsland-Meerwiese-48-768x614.jpeg 768w, https:\/\/eatthefrog.de\/wp-content\/uploads\/2024\/02\/Niemandsland-Meerwiese-48-1536x1229.jpeg 1536w, https:\/\/eatthefrog.de\/wp-content\/uploads\/2024\/02\/Niemandsland-Meerwiese-48-2048x1638.jpeg 2048w, https:\/\/eatthefrog.de\/wp-content\/uploads\/2024\/02\/Niemandsland-Meerwiese-48-15x12.jpeg 15w, https:\/\/eatthefrog.de\/wp-content\/uploads\/2024\/02\/Niemandsland-Meerwiese-48-540x432.jpeg 540w, https:\/\/eatthefrog.de\/wp-content\/uploads\/2024\/02\/Niemandsland-Meerwiese-48-1080x864.jpeg 1080w, https:\/\/eatthefrog.de\/wp-content\/uploads\/2024\/02\/Niemandsland-Meerwiese-48-1980x1584.jpeg 1980w\" sizes=\"auto, (max-width: 1024px) 100vw, 1024px\" \/><\/figure>\n\n\n\n<figure class=\"wp-block-image size-large\"><img loading=\"lazy\" decoding=\"async\" width=\"1024\" height=\"701\" data-id=\"703\" src=\"https:\/\/eatthefrog.de\/wp-content\/uploads\/2024\/02\/Niemandsland-Meerwiese-49-1024x701.jpeg\" alt=\"\" class=\"wp-image-703\" srcset=\"https:\/\/eatthefrog.de\/wp-content\/uploads\/2024\/02\/Niemandsland-Meerwiese-49-1024x701.jpeg 1024w, https:\/\/eatthefrog.de\/wp-content\/uploads\/2024\/02\/Niemandsland-Meerwiese-49-300x205.jpeg 300w, https:\/\/eatthefrog.de\/wp-content\/uploads\/2024\/02\/Niemandsland-Meerwiese-49-768x526.jpeg 768w, https:\/\/eatthefrog.de\/wp-content\/uploads\/2024\/02\/Niemandsland-Meerwiese-49-1536x1052.jpeg 1536w, https:\/\/eatthefrog.de\/wp-content\/uploads\/2024\/02\/Niemandsland-Meerwiese-49-2048x1403.jpeg 2048w, https:\/\/eatthefrog.de\/wp-content\/uploads\/2024\/02\/Niemandsland-Meerwiese-49-18x12.jpeg 18w, https:\/\/eatthefrog.de\/wp-content\/uploads\/2024\/02\/Niemandsland-Meerwiese-49-540x370.jpeg 540w, https:\/\/eatthefrog.de\/wp-content\/uploads\/2024\/02\/Niemandsland-Meerwiese-49-1080x740.jpeg 1080w, https:\/\/eatthefrog.de\/wp-content\/uploads\/2024\/02\/Niemandsland-Meerwiese-49-1980x1356.jpeg 1980w\" sizes=\"auto, (max-width: 1024px) 100vw, 1024px\" \/><\/figure>\n\n\n\n<figure class=\"wp-block-image size-large\"><img loading=\"lazy\" decoding=\"async\" width=\"1024\" height=\"622\" data-id=\"706\" src=\"https:\/\/eatthefrog.de\/wp-content\/uploads\/2024\/02\/Niemandsland-Meerwiese-25-1024x622.jpeg\" alt=\"\" class=\"wp-image-706\" srcset=\"https:\/\/eatthefrog.de\/wp-content\/uploads\/2024\/02\/Niemandsland-Meerwiese-25-1024x622.jpeg 1024w, https:\/\/eatthefrog.de\/wp-content\/uploads\/2024\/02\/Niemandsland-Meerwiese-25-300x182.jpeg 300w, https:\/\/eatthefrog.de\/wp-content\/uploads\/2024\/02\/Niemandsland-Meerwiese-25-768x467.jpeg 768w, https:\/\/eatthefrog.de\/wp-content\/uploads\/2024\/02\/Niemandsland-Meerwiese-25-1536x934.jpeg 1536w, https:\/\/eatthefrog.de\/wp-content\/uploads\/2024\/02\/Niemandsland-Meerwiese-25-2048x1245.jpeg 2048w, https:\/\/eatthefrog.de\/wp-content\/uploads\/2024\/02\/Niemandsland-Meerwiese-25-18x12.jpeg 18w, https:\/\/eatthefrog.de\/wp-content\/uploads\/2024\/02\/Niemandsland-Meerwiese-25-540x328.jpeg 540w, https:\/\/eatthefrog.de\/wp-content\/uploads\/2024\/02\/Niemandsland-Meerwiese-25-1080x656.jpeg 1080w, https:\/\/eatthefrog.de\/wp-content\/uploads\/2024\/02\/Niemandsland-Meerwiese-25-1980x1204.jpeg 1980w\" sizes=\"auto, (max-width: 1024px) 100vw, 1024px\" \/><\/figure>\n\n\n\n<figure class=\"wp-block-image size-large\"><img loading=\"lazy\" decoding=\"async\" width=\"1024\" height=\"718\" data-id=\"702\" src=\"https:\/\/eatthefrog.de\/wp-content\/uploads\/2024\/02\/Niemandsland-Meerwiese-8-1024x718.jpeg\" alt=\"\" class=\"wp-image-702\" srcset=\"https:\/\/eatthefrog.de\/wp-content\/uploads\/2024\/02\/Niemandsland-Meerwiese-8-1024x718.jpeg 1024w, https:\/\/eatthefrog.de\/wp-content\/uploads\/2024\/02\/Niemandsland-Meerwiese-8-300x210.jpeg 300w, https:\/\/eatthefrog.de\/wp-content\/uploads\/2024\/02\/Niemandsland-Meerwiese-8-768x539.jpeg 768w, https:\/\/eatthefrog.de\/wp-content\/uploads\/2024\/02\/Niemandsland-Meerwiese-8-1536x1078.jpeg 1536w, https:\/\/eatthefrog.de\/wp-content\/uploads\/2024\/02\/Niemandsland-Meerwiese-8-2048x1437.jpeg 2048w, https:\/\/eatthefrog.de\/wp-content\/uploads\/2024\/02\/Niemandsland-Meerwiese-8-18x12.jpeg 18w, https:\/\/eatthefrog.de\/wp-content\/uploads\/2024\/02\/Niemandsland-Meerwiese-8-540x379.jpeg 540w, https:\/\/eatthefrog.de\/wp-content\/uploads\/2024\/02\/Niemandsland-Meerwiese-8-1080x758.jpeg 1080w, https:\/\/eatthefrog.de\/wp-content\/uploads\/2024\/02\/Niemandsland-Meerwiese-8-1980x1389.jpeg 1980w\" sizes=\"auto, (max-width: 1024px) 100vw, 1024px\" \/><\/figure>\n<figcaption class=\"blocks-gallery-caption wp-element-caption\">Fotos: Mario Soose<\/figcaption><\/figure>\n\n\n\n<hr class=\"wp-block-separator has-alpha-channel-opacity\"\/>\n\n\n\n<p class=\"wp-block-paragraph\"><\/p>\n\n\n\n<h3 class=\"wp-block-heading\"><strong>Dates:<\/strong><\/h3>\n\n\n\n<p class=\"wp-block-paragraph\">November 27th 2022 \u2022 Premiere @Theater Meerwiese, M\u00fcnster<\/p>\n\n\n\n<p class=\"wp-block-paragraph\">November 28th 2022 \u2022 Theater Meerwiese, M\u00fcnster<\/p>\n\n\n\n<p class=\"wp-block-paragraph\">November 28th 2022 \u2022 Theater Meerwiese, M\u00fcnster<\/p>\n\n\n\n<p class=\"wp-block-paragraph\">November 30th 2022 \u2022 Theater Meerwiese, M\u00fcnster<\/p>\n\n\n\n<p class=\"wp-block-paragraph\">April 27th &#8211; Mai 4th 2023 \u2022 Erbil, Kurdistan\/Iraq, cooperation with Goethe-Institut Iraq<\/p>\n\n\n\n<p class=\"wp-block-paragraph\">June 12th 2023 \u2022 Borken<\/p>\n\n\n\n<p class=\"wp-block-paragraph\">September 27th 2023 \u2022 Senden<\/p>\n\n\n\n<p class=\"wp-block-paragraph\">October 13th 2023 \u2022 Rheine, Kloster Bentlage<\/p>\n\n\n\n<p class=\"wp-block-paragraph\">October 14th 2023 \u2022 Rheine, Kloster Bentlage<\/p>\n\n\n\n<p class=\"wp-block-paragraph\">October 21st 2023 \u2022 @M\u00fcnsterlandfestival, Haus Harkotten, Sassenberg<\/p>\n\n\n\n<p class=\"wp-block-paragraph\"><\/p>\n\n\n\n<p class=\"wp-block-paragraph\"><\/p>","protected":false},"excerpt":{"rendered":"<p>eine Tanztheatervorstellung f\u00fcr Menschen ab 14 Jahren Choreografie &amp; Tanz: Isabel Bernhard, Sarah Bernhard, Friederike Klodwig, Charlotte PetersenKomposition &amp; Musik: EAT THE FROG-Kollektiv: Tobias Link, Stefan Vidal SchneiderB\u00fchnenbild:&hellip;<\/p>","protected":false},"author":2,"featured_media":0,"parent":18,"menu_order":-2,"comment_status":"closed","ping_status":"closed","template":"","meta":{"_crdt_document":"","footnotes":""},"class_list":["post-613","page","type-page","status-publish","hentry"],"_links":{"self":[{"href":"https:\/\/eatthefrog.de\/en\/wp-json\/wp\/v2\/pages\/613","targetHints":{"allow":["GET"]}}],"collection":[{"href":"https:\/\/eatthefrog.de\/en\/wp-json\/wp\/v2\/pages"}],"about":[{"href":"https:\/\/eatthefrog.de\/en\/wp-json\/wp\/v2\/types\/page"}],"author":[{"embeddable":true,"href":"https:\/\/eatthefrog.de\/en\/wp-json\/wp\/v2\/users\/2"}],"replies":[{"embeddable":true,"href":"https:\/\/eatthefrog.de\/en\/wp-json\/wp\/v2\/comments?post=613"}],"version-history":[{"count":10,"href":"https:\/\/eatthefrog.de\/en\/wp-json\/wp\/v2\/pages\/613\/revisions"}],"predecessor-version":[{"id":964,"href":"https:\/\/eatthefrog.de\/en\/wp-json\/wp\/v2\/pages\/613\/revisions\/964"}],"up":[{"embeddable":true,"href":"https:\/\/eatthefrog.de\/en\/wp-json\/wp\/v2\/pages\/18"}],"wp:attachment":[{"href":"https:\/\/eatthefrog.de\/en\/wp-json\/wp\/v2\/media?parent=613"}],"curies":[{"name":"wp","href":"https:\/\/api.w.org\/{rel}","templated":true}]}}