{"id":625,"date":"2024-02-15T22:54:41","date_gmt":"2024-02-15T21:54:41","guid":{"rendered":"https:\/\/eatthefrog.de\/?page_id=625"},"modified":"2024-06-21T09:37:44","modified_gmt":"2024-06-21T07:37:44","slug":"bracelets","status":"publish","type":"page","link":"https:\/\/eatthefrog.de\/en\/projekte\/bracelets\/","title":{"rendered":"BRACELETS"},"content":{"rendered":"<figure class=\"wp-block-image size-large\"><img loading=\"lazy\" decoding=\"async\" width=\"768\" height=\"1024\" src=\"https:\/\/eatthefrog.de\/wp-content\/uploads\/2024\/02\/1-also-good-768x1024.jpg\" alt=\"\" class=\"wp-image-626\" srcset=\"https:\/\/eatthefrog.de\/wp-content\/uploads\/2024\/02\/1-also-good-768x1024.jpg 768w, https:\/\/eatthefrog.de\/wp-content\/uploads\/2024\/02\/1-also-good-225x300.jpg 225w, https:\/\/eatthefrog.de\/wp-content\/uploads\/2024\/02\/1-also-good-1152x1536.jpg 1152w, https:\/\/eatthefrog.de\/wp-content\/uploads\/2024\/02\/1-also-good-1536x2048.jpg 1536w, https:\/\/eatthefrog.de\/wp-content\/uploads\/2024\/02\/1-also-good-9x12.jpg 9w, https:\/\/eatthefrog.de\/wp-content\/uploads\/2024\/02\/1-also-good-540x720.jpg 540w, https:\/\/eatthefrog.de\/wp-content\/uploads\/2024\/02\/1-also-good-1080x1440.jpg 1080w, https:\/\/eatthefrog.de\/wp-content\/uploads\/2024\/02\/1-also-good-1980x2640.jpg 1980w, https:\/\/eatthefrog.de\/wp-content\/uploads\/2024\/02\/1-also-good-scaled.jpg 1920w\" sizes=\"auto, (max-width: 768px) 100vw, 768px\" \/><\/figure>\n\n\n\n<p class=\"wp-block-paragraph\">United by their love for improvisation, experimentation, and songwriting, Bracelets sail through the vast sea of possibilities, hopping from one musical island to another. Together they keep discovering catchy and sometimes predetermined melodies that spring from ambient soundscapes. Magically they layer haunting vocals and sometimes dive into intense interplay.<\/p>\n\n\n\n<p class=\"wp-block-paragraph\">In their powerful live shows Bracelets take the listener on an expedition where there is time to breathe and explore every incoming thought as a possibility for something new.<\/p>\n\n\n\n<p class=\"wp-block-paragraph\">Helsinki-based Karin &amp; Selma bring in Nordic melancholy with their emotive, twin-like vocals, electric guitar, synths and effect pedals while Tobias, with his human-sounding trombone, builds a majestic wall of sound alongside Stefan\u2019s hypnotizing drumming and organic percussions. Both musicians are currently based in Berlin.<\/p>\n\n\n\n<p class=\"wp-block-paragraph\">Bracelets strongly believe in the ethos where questions find their answers during the journey rather than at the final destination.<\/p>\n\n\n\n<p class=\"wp-block-paragraph\">You can listen to BRACELETS EP \"Live @M\u00fcnsterland Festival 2023\" on their SoundCloud Page and in June 2024, they will record their debut album in Finnland together with producer Jonas Verwijnen (known for his work Colin Stetson, Liima, The Whitest Boy Alive, Kings of Convenience, among others).<\/p>\n\n\n\n<hr class=\"wp-block-separator has-alpha-channel-opacity\"\/>\n\n\n\n<p class=\"wp-block-paragraph\">Selma Savolainen - voice, synths, fx<\/p>\n\n\n\n<p class=\"wp-block-paragraph\">Karin M\u00e4kiranta - voice, guitar, fx<\/p>\n\n\n\n<p class=\"wp-block-paragraph\">Tobias Link - trombone, fx<\/p>\n\n\n\n<p class=\"wp-block-paragraph\">Stefan Vidal Schneider - drums, fx<\/p>\n\n\n\n<hr class=\"wp-block-separator has-alpha-channel-opacity\"\/>\n\n\n\n<figure class=\"wp-block-embed is-type-video is-provider-youtube wp-block-embed-youtube wp-embed-aspect-16-9 wp-has-aspect-ratio\"><div class=\"wp-block-embed__wrapper\">\n<iframe loading=\"lazy\" title=\"BRACELETS - \u00c4din Kadonneet Sanat\" width=\"580\" height=\"326\" src=\"https:\/\/www.youtube.com\/embed\/JdqsqcV3vMA?feature=oembed\" frameborder=\"0\" allow=\"accelerometer; autoplay; clipboard-write; encrypted-media; gyroscope; picture-in-picture; web-share\" referrerpolicy=\"strict-origin-when-cross-origin\" allowfullscreen><\/iframe>\n<\/div><\/figure>\n\n\n\n<hr class=\"wp-block-separator has-alpha-channel-opacity\"\/>\n\n\n\n<figure class=\"wp-block-embed is-type-rich is-provider-soundcloud wp-block-embed-soundcloud wp-embed-aspect-4-3 wp-has-aspect-ratio\"><div class=\"wp-block-embed__wrapper\">\n<iframe loading=\"lazy\" title=\"BRACELETS\" width=\"580\" height=\"450\" scrolling=\"no\" frameborder=\"no\" src=\"https:\/\/w.soundcloud.com\/player\/?visual=true&#038;url=https%3A%2F%2Fapi.soundcloud.com%2Fusers%2F1323354054&#038;show_artwork=true&#038;maxheight=870&#038;maxwidth=580\"><\/iframe>\n<\/div><\/figure>\n\n\n\n<hr class=\"wp-block-separator has-alpha-channel-opacity\"\/>\n\n\n\n<figure class=\"wp-block-gallery alignwide has-nested-images columns-default is-cropped wp-block-gallery-1 is-layout-flex wp-block-gallery-is-layout-flex\">\n<figure class=\"wp-block-image size-large\"><img loading=\"lazy\" decoding=\"async\" width=\"1024\" height=\"683\" data-id=\"846\" src=\"https:\/\/eatthefrog.de\/wp-content\/uploads\/2024\/02\/660cf0f9-b8c8-4d32-87a6-ea69777225a4-1024x683.jpg\" alt=\"\" class=\"wp-image-846\" srcset=\"https:\/\/eatthefrog.de\/wp-content\/uploads\/2024\/02\/660cf0f9-b8c8-4d32-87a6-ea69777225a4-1024x683.jpg 1024w, https:\/\/eatthefrog.de\/wp-content\/uploads\/2024\/02\/660cf0f9-b8c8-4d32-87a6-ea69777225a4-300x200.jpg 300w, https:\/\/eatthefrog.de\/wp-content\/uploads\/2024\/02\/660cf0f9-b8c8-4d32-87a6-ea69777225a4-768x512.jpg 768w, https:\/\/eatthefrog.de\/wp-content\/uploads\/2024\/02\/660cf0f9-b8c8-4d32-87a6-ea69777225a4-1536x1024.jpg 1536w, https:\/\/eatthefrog.de\/wp-content\/uploads\/2024\/02\/660cf0f9-b8c8-4d32-87a6-ea69777225a4-18x12.jpg 18w, https:\/\/eatthefrog.de\/wp-content\/uploads\/2024\/02\/660cf0f9-b8c8-4d32-87a6-ea69777225a4-540x360.jpg 540w, https:\/\/eatthefrog.de\/wp-content\/uploads\/2024\/02\/660cf0f9-b8c8-4d32-87a6-ea69777225a4-1080x720.jpg 1080w, https:\/\/eatthefrog.de\/wp-content\/uploads\/2024\/02\/660cf0f9-b8c8-4d32-87a6-ea69777225a4.jpg 1600w\" sizes=\"auto, (max-width: 1024px) 100vw, 1024px\" \/><\/figure>\n\n\n\n<figure class=\"wp-block-image size-large\"><img loading=\"lazy\" decoding=\"async\" width=\"1024\" height=\"768\" data-id=\"852\" src=\"https:\/\/eatthefrog.de\/wp-content\/uploads\/2024\/02\/15-also-good-2-1024x768.jpg\" alt=\"\" class=\"wp-image-852\" srcset=\"https:\/\/eatthefrog.de\/wp-content\/uploads\/2024\/02\/15-also-good-2-1024x768.jpg 1024w, https:\/\/eatthefrog.de\/wp-content\/uploads\/2024\/02\/15-also-good-2-300x225.jpg 300w, https:\/\/eatthefrog.de\/wp-content\/uploads\/2024\/02\/15-also-good-2-768x576.jpg 768w, https:\/\/eatthefrog.de\/wp-content\/uploads\/2024\/02\/15-also-good-2-1536x1152.jpg 1536w, https:\/\/eatthefrog.de\/wp-content\/uploads\/2024\/02\/15-also-good-2-2048x1536.jpg 2048w, https:\/\/eatthefrog.de\/wp-content\/uploads\/2024\/02\/15-also-good-2-16x12.jpg 16w, https:\/\/eatthefrog.de\/wp-content\/uploads\/2024\/02\/15-also-good-2-540x405.jpg 540w, https:\/\/eatthefrog.de\/wp-content\/uploads\/2024\/02\/15-also-good-2-1080x810.jpg 1080w, https:\/\/eatthefrog.de\/wp-content\/uploads\/2024\/02\/15-also-good-2-1980x1485.jpg 1980w\" sizes=\"auto, (max-width: 1024px) 100vw, 1024px\" \/><\/figure>\n\n\n\n<figure class=\"wp-block-image size-large\"><img loading=\"lazy\" decoding=\"async\" width=\"1024\" height=\"683\" data-id=\"844\" src=\"https:\/\/eatthefrog.de\/wp-content\/uploads\/2024\/02\/b105b3bc-40ae-4ba1-9337-8ebb695cc25e-1024x683.jpg\" alt=\"\" class=\"wp-image-844\" srcset=\"https:\/\/eatthefrog.de\/wp-content\/uploads\/2024\/02\/b105b3bc-40ae-4ba1-9337-8ebb695cc25e-1024x683.jpg 1024w, https:\/\/eatthefrog.de\/wp-content\/uploads\/2024\/02\/b105b3bc-40ae-4ba1-9337-8ebb695cc25e-300x200.jpg 300w, https:\/\/eatthefrog.de\/wp-content\/uploads\/2024\/02\/b105b3bc-40ae-4ba1-9337-8ebb695cc25e-768x512.jpg 768w, https:\/\/eatthefrog.de\/wp-content\/uploads\/2024\/02\/b105b3bc-40ae-4ba1-9337-8ebb695cc25e-1536x1024.jpg 1536w, https:\/\/eatthefrog.de\/wp-content\/uploads\/2024\/02\/b105b3bc-40ae-4ba1-9337-8ebb695cc25e-18x12.jpg 18w, https:\/\/eatthefrog.de\/wp-content\/uploads\/2024\/02\/b105b3bc-40ae-4ba1-9337-8ebb695cc25e-540x360.jpg 540w, https:\/\/eatthefrog.de\/wp-content\/uploads\/2024\/02\/b105b3bc-40ae-4ba1-9337-8ebb695cc25e-1080x720.jpg 1080w, https:\/\/eatthefrog.de\/wp-content\/uploads\/2024\/02\/b105b3bc-40ae-4ba1-9337-8ebb695cc25e.jpg 1600w\" sizes=\"auto, (max-width: 1024px) 100vw, 1024px\" \/><\/figure>\n\n\n\n<figure class=\"wp-block-image size-large\"><img loading=\"lazy\" decoding=\"async\" width=\"1024\" height=\"682\" data-id=\"853\" src=\"https:\/\/eatthefrog.de\/wp-content\/uploads\/2024\/02\/396705369_24462262843364736_8084494496439835703_n-1-1024x682.jpg\" alt=\"\" class=\"wp-image-853\" srcset=\"https:\/\/eatthefrog.de\/wp-content\/uploads\/2024\/02\/396705369_24462262843364736_8084494496439835703_n-1-1024x682.jpg 1024w, https:\/\/eatthefrog.de\/wp-content\/uploads\/2024\/02\/396705369_24462262843364736_8084494496439835703_n-1-300x200.jpg 300w, https:\/\/eatthefrog.de\/wp-content\/uploads\/2024\/02\/396705369_24462262843364736_8084494496439835703_n-1-768x511.jpg 768w, https:\/\/eatthefrog.de\/wp-content\/uploads\/2024\/02\/396705369_24462262843364736_8084494496439835703_n-1-1536x1022.jpg 1536w, https:\/\/eatthefrog.de\/wp-content\/uploads\/2024\/02\/396705369_24462262843364736_8084494496439835703_n-1-18x12.jpg 18w, https:\/\/eatthefrog.de\/wp-content\/uploads\/2024\/02\/396705369_24462262843364736_8084494496439835703_n-1-540x359.jpg 540w, https:\/\/eatthefrog.de\/wp-content\/uploads\/2024\/02\/396705369_24462262843364736_8084494496439835703_n-1-1080x719.jpg 1080w, https:\/\/eatthefrog.de\/wp-content\/uploads\/2024\/02\/396705369_24462262843364736_8084494496439835703_n-1-1980x1318.jpg 1980w, https:\/\/eatthefrog.de\/wp-content\/uploads\/2024\/02\/396705369_24462262843364736_8084494496439835703_n-1.jpg 2048w\" sizes=\"auto, (max-width: 1024px) 100vw, 1024px\" \/><\/figure>\n\n\n\n<figure class=\"wp-block-image size-large\"><img loading=\"lazy\" decoding=\"async\" width=\"1024\" height=\"768\" data-id=\"851\" src=\"https:\/\/eatthefrog.de\/wp-content\/uploads\/2024\/02\/9-1024x768.jpg\" alt=\"\" class=\"wp-image-851\" srcset=\"https:\/\/eatthefrog.de\/wp-content\/uploads\/2024\/02\/9-1024x768.jpg 1024w, https:\/\/eatthefrog.de\/wp-content\/uploads\/2024\/02\/9-300x225.jpg 300w, https:\/\/eatthefrog.de\/wp-content\/uploads\/2024\/02\/9-768x576.jpg 768w, https:\/\/eatthefrog.de\/wp-content\/uploads\/2024\/02\/9-1536x1152.jpg 1536w, https:\/\/eatthefrog.de\/wp-content\/uploads\/2024\/02\/9-2048x1536.jpg 2048w, https:\/\/eatthefrog.de\/wp-content\/uploads\/2024\/02\/9-16x12.jpg 16w, https:\/\/eatthefrog.de\/wp-content\/uploads\/2024\/02\/9-540x405.jpg 540w, https:\/\/eatthefrog.de\/wp-content\/uploads\/2024\/02\/9-1080x810.jpg 1080w, https:\/\/eatthefrog.de\/wp-content\/uploads\/2024\/02\/9-1980x1485.jpg 1980w\" sizes=\"auto, (max-width: 1024px) 100vw, 1024px\" \/><\/figure>\n\n\n\n<figure class=\"wp-block-image size-large\"><img loading=\"lazy\" decoding=\"async\" width=\"1024\" height=\"709\" data-id=\"854\" src=\"https:\/\/eatthefrog.de\/wp-content\/uploads\/2024\/02\/396727024_24462257866698567_2724546812580886587_n-1024x709.jpg\" alt=\"\" class=\"wp-image-854\" srcset=\"https:\/\/eatthefrog.de\/wp-content\/uploads\/2024\/02\/396727024_24462257866698567_2724546812580886587_n-1024x709.jpg 1024w, https:\/\/eatthefrog.de\/wp-content\/uploads\/2024\/02\/396727024_24462257866698567_2724546812580886587_n-300x208.jpg 300w, https:\/\/eatthefrog.de\/wp-content\/uploads\/2024\/02\/396727024_24462257866698567_2724546812580886587_n-768x532.jpg 768w, https:\/\/eatthefrog.de\/wp-content\/uploads\/2024\/02\/396727024_24462257866698567_2724546812580886587_n-1536x1064.jpg 1536w, https:\/\/eatthefrog.de\/wp-content\/uploads\/2024\/02\/396727024_24462257866698567_2724546812580886587_n-18x12.jpg 18w, https:\/\/eatthefrog.de\/wp-content\/uploads\/2024\/02\/396727024_24462257866698567_2724546812580886587_n-540x374.jpg 540w, https:\/\/eatthefrog.de\/wp-content\/uploads\/2024\/02\/396727024_24462257866698567_2724546812580886587_n-1080x748.jpg 1080w, https:\/\/eatthefrog.de\/wp-content\/uploads\/2024\/02\/396727024_24462257866698567_2724546812580886587_n-1980x1371.jpg 1980w, https:\/\/eatthefrog.de\/wp-content\/uploads\/2024\/02\/396727024_24462257866698567_2724546812580886587_n.jpg 2048w\" sizes=\"auto, (max-width: 1024px) 100vw, 1024px\" \/><\/figure>\n\n\n\n<figure class=\"wp-block-image size-large\"><img loading=\"lazy\" decoding=\"async\" width=\"1024\" height=\"682\" data-id=\"847\" src=\"https:\/\/eatthefrog.de\/wp-content\/uploads\/2024\/02\/396501785_24462252796699074_2305621386773287390_n-2-1024x682.jpg\" alt=\"\" class=\"wp-image-847\" srcset=\"https:\/\/eatthefrog.de\/wp-content\/uploads\/2024\/02\/396501785_24462252796699074_2305621386773287390_n-2-1024x682.jpg 1024w, https:\/\/eatthefrog.de\/wp-content\/uploads\/2024\/02\/396501785_24462252796699074_2305621386773287390_n-2-300x200.jpg 300w, https:\/\/eatthefrog.de\/wp-content\/uploads\/2024\/02\/396501785_24462252796699074_2305621386773287390_n-2-768x511.jpg 768w, https:\/\/eatthefrog.de\/wp-content\/uploads\/2024\/02\/396501785_24462252796699074_2305621386773287390_n-2-1536x1022.jpg 1536w, https:\/\/eatthefrog.de\/wp-content\/uploads\/2024\/02\/396501785_24462252796699074_2305621386773287390_n-2-18x12.jpg 18w, https:\/\/eatthefrog.de\/wp-content\/uploads\/2024\/02\/396501785_24462252796699074_2305621386773287390_n-2-540x359.jpg 540w, https:\/\/eatthefrog.de\/wp-content\/uploads\/2024\/02\/396501785_24462252796699074_2305621386773287390_n-2-1080x719.jpg 1080w, https:\/\/eatthefrog.de\/wp-content\/uploads\/2024\/02\/396501785_24462252796699074_2305621386773287390_n-2-1980x1318.jpg 1980w, https:\/\/eatthefrog.de\/wp-content\/uploads\/2024\/02\/396501785_24462252796699074_2305621386773287390_n-2.jpg 2048w\" sizes=\"auto, (max-width: 1024px) 100vw, 1024px\" \/><\/figure>\n\n\n\n<figure class=\"wp-block-image size-large\"><img loading=\"lazy\" decoding=\"async\" width=\"1024\" height=\"939\" data-id=\"856\" src=\"https:\/\/eatthefrog.de\/wp-content\/uploads\/2024\/02\/Bildschirmfoto-2024-02-19-um-20.18.09-1024x939.png\" alt=\"\" class=\"wp-image-856\" srcset=\"https:\/\/eatthefrog.de\/wp-content\/uploads\/2024\/02\/Bildschirmfoto-2024-02-19-um-20.18.09-1024x939.png 1024w, https:\/\/eatthefrog.de\/wp-content\/uploads\/2024\/02\/Bildschirmfoto-2024-02-19-um-20.18.09-300x275.png 300w, https:\/\/eatthefrog.de\/wp-content\/uploads\/2024\/02\/Bildschirmfoto-2024-02-19-um-20.18.09-768x704.png 768w, https:\/\/eatthefrog.de\/wp-content\/uploads\/2024\/02\/Bildschirmfoto-2024-02-19-um-20.18.09-13x12.png 13w, https:\/\/eatthefrog.de\/wp-content\/uploads\/2024\/02\/Bildschirmfoto-2024-02-19-um-20.18.09-540x495.png 540w, https:\/\/eatthefrog.de\/wp-content\/uploads\/2024\/02\/Bildschirmfoto-2024-02-19-um-20.18.09-1080x990.png 1080w, https:\/\/eatthefrog.de\/wp-content\/uploads\/2024\/02\/Bildschirmfoto-2024-02-19-um-20.18.09.png 1102w\" sizes=\"auto, (max-width: 1024px) 100vw, 1024px\" \/><\/figure>\n\n\n\n<figure class=\"wp-block-image size-large\"><img loading=\"lazy\" decoding=\"async\" width=\"1024\" height=\"678\" data-id=\"849\" src=\"https:\/\/eatthefrog.de\/wp-content\/uploads\/2024\/02\/f804819d-47db-4438-92fe-b3e663d2ee8c-1024x678.jpg\" alt=\"\" class=\"wp-image-849\" srcset=\"https:\/\/eatthefrog.de\/wp-content\/uploads\/2024\/02\/f804819d-47db-4438-92fe-b3e663d2ee8c-1024x678.jpg 1024w, https:\/\/eatthefrog.de\/wp-content\/uploads\/2024\/02\/f804819d-47db-4438-92fe-b3e663d2ee8c-300x199.jpg 300w, https:\/\/eatthefrog.de\/wp-content\/uploads\/2024\/02\/f804819d-47db-4438-92fe-b3e663d2ee8c-768x508.jpg 768w, https:\/\/eatthefrog.de\/wp-content\/uploads\/2024\/02\/f804819d-47db-4438-92fe-b3e663d2ee8c-1536x1017.jpg 1536w, https:\/\/eatthefrog.de\/wp-content\/uploads\/2024\/02\/f804819d-47db-4438-92fe-b3e663d2ee8c-18x12.jpg 18w, https:\/\/eatthefrog.de\/wp-content\/uploads\/2024\/02\/f804819d-47db-4438-92fe-b3e663d2ee8c-540x357.jpg 540w, https:\/\/eatthefrog.de\/wp-content\/uploads\/2024\/02\/f804819d-47db-4438-92fe-b3e663d2ee8c-1080x715.jpg 1080w, https:\/\/eatthefrog.de\/wp-content\/uploads\/2024\/02\/f804819d-47db-4438-92fe-b3e663d2ee8c.jpg 1600w\" sizes=\"auto, (max-width: 1024px) 100vw, 1024px\" \/><\/figure>\n<figcaption class=\"blocks-gallery-caption wp-element-caption\">Photos: Anne Jahn, Philipp Foelting, Matthias Wigger<\/figcaption><\/figure>\n\n\n\n<hr class=\"wp-block-separator has-alpha-channel-opacity\"\/>\n\n\n\n<h2 class=\"wp-block-heading\">Dates<\/h2>\n\n\n\n<p class=\"wp-block-paragraph\">21.04.2024 &#8211; Berlin, Michelberger<\/p>\n\n\n\n<p class=\"wp-block-paragraph\">19.04.2024 &#8211; Paderborn, Sputnik<\/p>\n\n\n\n<p class=\"wp-block-paragraph\">18.04.2024 &#8211; M\u00fcnster, Teilchen &amp; Beschleuniger<\/p>\n\n\n\n<p class=\"wp-block-paragraph\">17.04.2024 &#8211; Greven, Galerie Hunold<\/p>\n\n\n\n<p class=\"wp-block-paragraph\">27.10.2023 &#8211; Billerbeck, Kolvenburg (at M\u00fcnsterland Festival)<\/p>\n\n\n\n<p class=\"wp-block-paragraph\">06.09.2023 &#8211; Brussels\/Belgium, Landesvertretung NRW representing M\u00fcnsterland Festival<\/p>\n\n\n\n<hr class=\"wp-block-separator has-alpha-channel-opacity\"\/>\n\n\n\n<p class=\"wp-block-paragraph\"><strong>Booking:<\/strong>: Wolfgang Barz <a href=\"mailto:wbarz@zedat.fu-berlin.de\">wbarz@zedat.fu-berlin.de<\/a><\/p>\n\n\n\n<p class=\"wp-block-paragraph\"><strong>Contact<\/strong>: <a href=\"mailto:thisisbracelets@gmail.com\">thisisbracelets@gmail.com<\/a><\/p>\n\n\n\n<hr class=\"wp-block-separator has-alpha-channel-opacity\"\/>\n\n\n\n<ul class=\"wp-block-social-links alignleft has-normal-icon-size has-visible-labels is-content-justification-space-between is-layout-flex wp-container-core-social-links-is-layout-cfe5ce44 wp-block-social-links-is-layout-flex\"><li class=\"wp-social-link wp-social-link-instagram  wp-block-social-link\"><a href=\"https:\/\/www.instagram.com\/thisisbracelets\/\" class=\"wp-block-social-link-anchor\"><svg width=\"24\" height=\"24\" viewbox=\"0 0 24 24\" version=\"1.1\" xmlns=\"http:\/\/www.w3.org\/2000\/svg\" aria-hidden=\"true\" focusable=\"false\"><path d=\"M12,4.622c2.403,0,2.688,0.009,3.637,0.052c0.877,0.04,1.354,0.187,1.671,0.31c0.42,0.163,0.72,0.358,1.035,0.673 c0.315,0.315,0.51,0.615,0.673,1.035c0.123,0.317,0.27,0.794,0.31,1.671c0.043,0.949,0.052,1.234,0.052,3.637 s-0.009,2.688-0.052,3.637c-0.04,0.877-0.187,1.354-0.31,1.671c-0.163,0.42-0.358,0.72-0.673,1.035 c-0.315,0.315-0.615,0.51-1.035,0.673c-0.317,0.123-0.794,0.27-1.671,0.31c-0.949,0.043-1.233,0.052-3.637,0.052 s-2.688-0.009-3.637-0.052c-0.877-0.04-1.354-0.187-1.671-0.31c-0.42-0.163-0.72-0.358-1.035-0.673 c-0.315-0.315-0.51-0.615-0.673-1.035c-0.123-0.317-0.27-0.794-0.31-1.671C4.631,14.688,4.622,14.403,4.622,12 s0.009-2.688,0.052-3.637c0.04-0.877,0.187-1.354,0.31-1.671c0.163-0.42,0.358-0.72,0.673-1.035 c0.315-0.315,0.615-0.51,1.035-0.673c0.317-0.123,0.794-0.27,1.671-0.31C9.312,4.631,9.597,4.622,12,4.622 M12,3 C9.556,3,9.249,3.01,8.289,3.054C7.331,3.098,6.677,3.25,6.105,3.472C5.513,3.702,5.011,4.01,4.511,4.511 c-0.5,0.5-0.808,1.002-1.038,1.594C3.25,6.677,3.098,7.331,3.054,8.289C3.01,9.249,3,9.556,3,12c0,2.444,0.01,2.751,0.054,3.711 c0.044,0.958,0.196,1.612,0.418,2.185c0.23,0.592,0.538,1.094,1.038,1.594c0.5,0.5,1.002,0.808,1.594,1.038 c0.572,0.222,1.227,0.375,2.185,0.418C9.249,20.99,9.556,21,12,21s2.751-0.01,3.711-0.054c0.958-0.044,1.612-0.196,2.185-0.418 c0.592-0.23,1.094-0.538,1.594-1.038c0.5-0.5,0.808-1.002,1.038-1.594c0.222-0.572,0.375-1.227,0.418-2.185 C20.99,14.751,21,14.444,21,12s-0.01-2.751-0.054-3.711c-0.044-0.958-0.196-1.612-0.418-2.185c-0.23-0.592-0.538-1.094-1.038-1.594 c-0.5-0.5-1.002-0.808-1.594-1.038c-0.572-0.222-1.227-0.375-2.185-0.418C14.751,3.01,14.444,3,12,3L12,3z M12,7.378 c-2.552,0-4.622,2.069-4.622,4.622S9.448,16.622,12,16.622s4.622-2.069,4.622-4.622S14.552,7.378,12,7.378z M12,15 c-1.657,0-3-1.343-3-3s1.343-3,3-3s3,1.343,3,3S13.657,15,12,15z M16.804,6.116c-0.596,0-1.08,0.484-1.08,1.08 s0.484,1.08,1.08,1.08c0.596,0,1.08-0.484,1.08-1.08S17.401,6.116,16.804,6.116z\"><\/path><\/svg><span class=\"wp-block-social-link-label\">Instagram<\/span><\/a><\/li>\n\n<li class=\"wp-social-link wp-social-link-soundcloud  wp-block-social-link\"><a href=\"https:\/\/soundcloud.com\/thisisbracelets\" class=\"wp-block-social-link-anchor\"><svg width=\"24\" height=\"24\" viewbox=\"0 0 24 24\" version=\"1.1\" xmlns=\"http:\/\/www.w3.org\/2000\/svg\" aria-hidden=\"true\" focusable=\"false\"><path d=\"M8.9,16.1L9,14L8.9,9.5c0-0.1,0-0.1-0.1-0.1c0,0-0.1-0.1-0.1-0.1c-0.1,0-0.1,0-0.1,0.1c0,0-0.1,0.1-0.1,0.1L8.3,14l0.1,2.1 c0,0.1,0,0.1,0.1,0.1c0,0,0.1,0.1,0.1,0.1C8.8,16.3,8.9,16.3,8.9,16.1z M11.4,15.9l0.1-1.8L11.4,9c0-0.1,0-0.2-0.1-0.2 c0,0-0.1,0-0.1,0s-0.1,0-0.1,0c-0.1,0-0.1,0.1-0.1,0.2l0,0.1l-0.1,5c0,0,0,0.7,0.1,2v0c0,0.1,0,0.1,0.1,0.1c0.1,0.1,0.1,0.1,0.2,0.1 c0.1,0,0.1,0,0.2-0.1c0.1,0,0.1-0.1,0.1-0.2L11.4,15.9z M2.4,12.9L2.5,14l-0.2,1.1c0,0.1,0,0.1-0.1,0.1c0,0-0.1,0-0.1-0.1L2.1,14 l0.1-1.1C2.2,12.9,2.3,12.9,2.4,12.9C2.3,12.9,2.4,12.9,2.4,12.9z M3.1,12.2L3.3,14l-0.2,1.8c0,0.1,0,0.1-0.1,0.1 c-0.1,0-0.1,0-0.1-0.1L2.8,14L3,12.2C3,12.2,3,12.2,3.1,12.2C3.1,12.2,3.1,12.2,3.1,12.2z M3.9,11.9L4.1,14l-0.2,2.1 c0,0.1,0,0.1-0.1,0.1c-0.1,0-0.1,0-0.1-0.1L3.5,14l0.2-2.1c0-0.1,0-0.1,0.1-0.1C3.9,11.8,3.9,11.8,3.9,11.9z M4.7,11.9L4.9,14 l-0.2,2.1c0,0.1-0.1,0.1-0.1,0.1c-0.1,0-0.1,0-0.1-0.1L4.3,14l0.2-2.2c0-0.1,0-0.1,0.1-0.1C4.7,11.7,4.7,11.8,4.7,11.9z M5.6,12 l0.2,2l-0.2,2.1c0,0.1-0.1,0.1-0.1,0.1c0,0-0.1,0-0.1,0c0,0,0-0.1,0-0.1L5.1,14l0.2-2c0,0,0-0.1,0-0.1s0.1,0,0.1,0 C5.5,11.9,5.5,11.9,5.6,12L5.6,12z M6.4,10.7L6.6,14l-0.2,2.1c0,0,0,0.1,0,0.1c0,0-0.1,0-0.1,0c-0.1,0-0.1-0.1-0.2-0.2L5.9,14 l0.2-3.3c0-0.1,0.1-0.2,0.2-0.2c0,0,0.1,0,0.1,0C6.4,10.7,6.4,10.7,6.4,10.7z M7.2,10l0.2,4.1l-0.2,2.1c0,0,0,0.1,0,0.1 c0,0-0.1,0-0.1,0c-0.1,0-0.2-0.1-0.2-0.2l-0.1-2.1L6.8,10c0-0.1,0.1-0.2,0.2-0.2c0,0,0.1,0,0.1,0S7.2,9.9,7.2,10z M8,9.6L8.2,14 L8,16.1c0,0.1-0.1,0.2-0.2,0.2c-0.1,0-0.2-0.1-0.2-0.2L7.5,14l0.1-4.4c0-0.1,0-0.1,0.1-0.1c0,0,0.1-0.1,0.1-0.1c0.1,0,0.1,0,0.1,0.1 C8,9.6,8,9.6,8,9.6z M11.4,16.1L11.4,16.1L11.4,16.1z M9.7,9.6L9.8,14l-0.1,2.1c0,0.1,0,0.1-0.1,0.2s-0.1,0.1-0.2,0.1 c-0.1,0-0.1,0-0.1-0.1s-0.1-0.1-0.1-0.2L9.2,14l0.1-4.4c0-0.1,0-0.1,0.1-0.2s0.1-0.1,0.2-0.1c0.1,0,0.1,0,0.2,0.1S9.7,9.5,9.7,9.6 L9.7,9.6z M10.6,9.8l0.1,4.3l-0.1,2c0,0.1,0,0.1-0.1,0.2c0,0-0.1,0.1-0.2,0.1c-0.1,0-0.1,0-0.2-0.1c0,0-0.1-0.1-0.1-0.2L10,14 l0.1-4.3c0-0.1,0-0.1,0.1-0.2c0,0,0.1-0.1,0.2-0.1c0.1,0,0.1,0,0.2,0.1S10.6,9.7,10.6,9.8z M12.4,14l-0.1,2c0,0.1,0,0.1-0.1,0.2 c-0.1,0.1-0.1,0.1-0.2,0.1c-0.1,0-0.1,0-0.2-0.1c-0.1-0.1-0.1-0.1-0.1-0.2l-0.1-1l-0.1-1l0.1-5.5v0c0-0.1,0-0.2,0.1-0.2 c0.1,0,0.1-0.1,0.2-0.1c0,0,0.1,0,0.1,0c0.1,0,0.1,0.1,0.1,0.2L12.4,14z M22.1,13.9c0,0.7-0.2,1.3-0.7,1.7c-0.5,0.5-1.1,0.7-1.7,0.7 h-6.8c-0.1,0-0.1,0-0.2-0.1c-0.1-0.1-0.1-0.1-0.1-0.2V8.2c0-0.1,0.1-0.2,0.2-0.3c0.5-0.2,1-0.3,1.6-0.3c1.1,0,2.1,0.4,2.9,1.1 c0.8,0.8,1.3,1.7,1.4,2.8c0.3-0.1,0.6-0.2,1-0.2c0.7,0,1.3,0.2,1.7,0.7C21.8,12.6,22.1,13.2,22.1,13.9L22.1,13.9z\"><\/path><\/svg><span class=\"wp-block-social-link-label\">SoundCloud<\/span><\/a><\/li>\n\n<li class=\"wp-social-link wp-social-link-youtube  wp-block-social-link\"><a href=\"https:\/\/www.youtube.com\/@thisisBracelets\" class=\"wp-block-social-link-anchor\"><svg width=\"24\" height=\"24\" viewbox=\"0 0 24 24\" version=\"1.1\" xmlns=\"http:\/\/www.w3.org\/2000\/svg\" aria-hidden=\"true\" focusable=\"false\"><path d=\"M21.8,8.001c0,0-0.195-1.378-0.795-1.985c-0.76-0.797-1.613-0.801-2.004-0.847c-2.799-0.202-6.997-0.202-6.997-0.202 h-0.009c0,0-4.198,0-6.997,0.202C4.608,5.216,3.756,5.22,2.995,6.016C2.395,6.623,2.2,8.001,2.2,8.001S2,9.62,2,11.238v1.517 c0,1.618,0.2,3.237,0.2,3.237s0.195,1.378,0.795,1.985c0.761,0.797,1.76,0.771,2.205,0.855c1.6,0.153,6.8,0.201,6.8,0.201 s4.203-0.006,7.001-0.209c0.391-0.047,1.243-0.051,2.004-0.847c0.6-0.607,0.795-1.985,0.795-1.985s0.2-1.618,0.2-3.237v-1.517 C22,9.62,21.8,8.001,21.8,8.001z M9.935,14.594l-0.001-5.62l5.404,2.82L9.935,14.594z\"><\/path><\/svg><span class=\"wp-block-social-link-label\">YouTube<\/span><\/a><\/li><\/ul>\n\n\n\n<p class=\"wp-block-paragraph\"><\/p>","protected":false},"excerpt":{"rendered":"<p>Vereint durch ihre Liebe zur Improvisation, zum Experimentieren und zum Songwriting, segeln BRACELETS durch ein weites Meer von M\u00f6glichkeiten und h\u00fcpfen von einer musikalischen Insel zur n\u00e4chsten. Gemeinsam&hellip;<\/p>","protected":false},"author":2,"featured_media":0,"parent":18,"menu_order":-3,"comment_status":"closed","ping_status":"closed","template":"","meta":{"_crdt_document":"","footnotes":""},"class_list":["post-625","page","type-page","status-publish","hentry"],"_links":{"self":[{"href":"https:\/\/eatthefrog.de\/en\/wp-json\/wp\/v2\/pages\/625","targetHints":{"allow":["GET"]}}],"collection":[{"href":"https:\/\/eatthefrog.de\/en\/wp-json\/wp\/v2\/pages"}],"about":[{"href":"https:\/\/eatthefrog.de\/en\/wp-json\/wp\/v2\/types\/page"}],"author":[{"embeddable":true,"href":"https:\/\/eatthefrog.de\/en\/wp-json\/wp\/v2\/users\/2"}],"replies":[{"embeddable":true,"href":"https:\/\/eatthefrog.de\/en\/wp-json\/wp\/v2\/comments?post=625"}],"version-history":[{"count":17,"href":"https:\/\/eatthefrog.de\/en\/wp-json\/wp\/v2\/pages\/625\/revisions"}],"predecessor-version":[{"id":1047,"href":"https:\/\/eatthefrog.de\/en\/wp-json\/wp\/v2\/pages\/625\/revisions\/1047"}],"up":[{"embeddable":true,"href":"https:\/\/eatthefrog.de\/en\/wp-json\/wp\/v2\/pages\/18"}],"wp:attachment":[{"href":"https:\/\/eatthefrog.de\/en\/wp-json\/wp\/v2\/media?parent=625"}],"curies":[{"name":"wp","href":"https:\/\/api.w.org\/{rel}","templated":true}]}}