{"id":645,"date":"2024-02-15T23:06:00","date_gmt":"2024-02-15T22:06:00","guid":{"rendered":"https:\/\/eatthefrog.de\/?page_id=645"},"modified":"2024-04-12T18:28:13","modified_gmt":"2024-04-12T16:28:13","slug":"mneme-x-eat-the-frog-kollektiv","status":"publish","type":"page","link":"https:\/\/eatthefrog.de\/en\/projekte\/mneme-x-eat-the-frog-kollektiv\/","title":{"rendered":"MNEME x EAT THE FROG Kollektiv"},"content":{"rendered":"<figure class=\"wp-block-image alignwide size-full\"><img loading=\"lazy\" decoding=\"async\" width=\"840\" height=\"430\" src=\"https:\/\/eatthefrog.de\/wp-content\/uploads\/2024\/02\/5-1.png\" alt=\"\" class=\"wp-image-646\" srcset=\"https:\/\/eatthefrog.de\/wp-content\/uploads\/2024\/02\/5-1.png 840w, https:\/\/eatthefrog.de\/wp-content\/uploads\/2024\/02\/5-1-300x154.png 300w, https:\/\/eatthefrog.de\/wp-content\/uploads\/2024\/02\/5-1-768x393.png 768w, https:\/\/eatthefrog.de\/wp-content\/uploads\/2024\/02\/5-1-18x9.png 18w, https:\/\/eatthefrog.de\/wp-content\/uploads\/2024\/02\/5-1-540x276.png 540w\" sizes=\"auto, (max-width: 840px) 100vw, 840px\" \/><\/figure>\n\n\n\n<hr class=\"wp-block-separator has-alpha-channel-opacity\"\/>\n\n\n\n<p class=\"wp-block-paragraph\">M\u00fcnster\/Berlin based dance and music collectives MNEME and EAT THE FROG join forces for their ecstatic, sensual, celebratory, communal, improvised performances.<\/p>\n\n\n\n<p class=\"wp-block-paragraph\">Since they first met in 2020, the two collectives have developed a strong friendship and a deep understanding of each other, which shows and translates to the audience when they perform on stage.<\/p>\n\n\n\n<p class=\"wp-block-paragraph\">Together they developed the dance-theater piece \"Niemandsland\", which toured in Germany and Kurdistan\/Iraq. Their research into how to bring improvised dance and music together organically and as equal forms of expression led them to the project \u201eUncivilisation\", an improvised one hour film made by Vincent Moon, in collaboration with Hayden Chisholm and Georg Niehusmann.<\/p>\n\n\n\n<p class=\"wp-block-paragraph\">All improvised.<\/p>\n\n\n\n<p class=\"wp-block-paragraph\"><\/p>\n\n\n\n<hr class=\"wp-block-separator has-alpha-channel-opacity\"\/>\n\n\n\n<figure class=\"wp-block-embed aligncenter is-type-video is-provider-youtube wp-block-embed-youtube wp-embed-aspect-16-9 wp-has-aspect-ratio\"><div class=\"wp-block-embed__wrapper\">\n<iframe loading=\"lazy\" title=\"Trailer: EAT THE FROG x MNEME kollektiv\" width=\"580\" height=\"326\" src=\"https:\/\/www.youtube.com\/embed\/h4ES9RnLDf8?feature=oembed\" frameborder=\"0\" allow=\"accelerometer; autoplay; clipboard-write; encrypted-media; gyroscope; picture-in-picture; web-share\" referrerpolicy=\"strict-origin-when-cross-origin\" allowfullscreen><\/iframe>\n<\/div><\/figure>\n\n\n\n<hr class=\"wp-block-separator has-alpha-channel-opacity\"\/>\n\n\n\n<p class=\"wp-block-paragraph\">Isabel Bernhard \u2013 dance<\/p>\n\n\n\n<p class=\"wp-block-paragraph\">Sarah Bernhard - dance<\/p>\n\n\n\n<p class=\"wp-block-paragraph\">Friederike Klodwig \u2013 dance<\/p>\n\n\n\n<p class=\"wp-block-paragraph\">Charlotte Petersen \u2013 dance<\/p>\n\n\n\n<p class=\"wp-block-paragraph\"><\/p>\n\n\n\n<p class=\"wp-block-paragraph\">Tobias Br\u00fcgge \u2013 saxophone<\/p>\n\n\n\n<p class=\"wp-block-paragraph\">Tobias Link \u2013 trombone<\/p>\n\n\n\n<p class=\"wp-block-paragraph\">Stefan Vidal Schneider \u2013 drums<\/p>\n\n\n\n<hr class=\"wp-block-separator has-alpha-channel-opacity\"\/>\n\n\n\n<figure class=\"wp-block-gallery alignwide has-nested-images columns-default is-cropped wp-block-gallery-1 is-layout-flex wp-block-gallery-is-layout-flex\">\n<figure class=\"wp-block-image size-large\"><img loading=\"lazy\" decoding=\"async\" width=\"683\" height=\"1024\" data-id=\"724\" src=\"https:\/\/eatthefrog.de\/wp-content\/uploads\/2024\/02\/mnmn-71-683x1024.jpeg\" alt=\"\" class=\"wp-image-724\" srcset=\"https:\/\/eatthefrog.de\/wp-content\/uploads\/2024\/02\/mnmn-71-683x1024.jpeg 683w, https:\/\/eatthefrog.de\/wp-content\/uploads\/2024\/02\/mnmn-71-200x300.jpeg 200w, https:\/\/eatthefrog.de\/wp-content\/uploads\/2024\/02\/mnmn-71-768x1152.jpeg 768w, https:\/\/eatthefrog.de\/wp-content\/uploads\/2024\/02\/mnmn-71-1024x1536.jpeg 1024w, https:\/\/eatthefrog.de\/wp-content\/uploads\/2024\/02\/mnmn-71-1365x2048.jpeg 1365w, https:\/\/eatthefrog.de\/wp-content\/uploads\/2024\/02\/mnmn-71-8x12.jpeg 8w, https:\/\/eatthefrog.de\/wp-content\/uploads\/2024\/02\/mnmn-71-540x810.jpeg 540w, https:\/\/eatthefrog.de\/wp-content\/uploads\/2024\/02\/mnmn-71-1080x1620.jpeg 1080w, https:\/\/eatthefrog.de\/wp-content\/uploads\/2024\/02\/mnmn-71-1980x2970.jpeg 1980w, https:\/\/eatthefrog.de\/wp-content\/uploads\/2024\/02\/mnmn-71-scaled.jpeg 1707w\" sizes=\"auto, (max-width: 683px) 100vw, 683px\" \/><\/figure>\n\n\n\n<figure class=\"wp-block-image size-large\"><img loading=\"lazy\" decoding=\"async\" width=\"820\" height=\"1024\" data-id=\"721\" src=\"https:\/\/eatthefrog.de\/wp-content\/uploads\/2024\/02\/mnmfr-18-820x1024.jpeg\" alt=\"\" class=\"wp-image-721\" srcset=\"https:\/\/eatthefrog.de\/wp-content\/uploads\/2024\/02\/mnmfr-18-820x1024.jpeg 820w, https:\/\/eatthefrog.de\/wp-content\/uploads\/2024\/02\/mnmfr-18-240x300.jpeg 240w, https:\/\/eatthefrog.de\/wp-content\/uploads\/2024\/02\/mnmfr-18-768x959.jpeg 768w, https:\/\/eatthefrog.de\/wp-content\/uploads\/2024\/02\/mnmfr-18-1230x1536.jpeg 1230w, https:\/\/eatthefrog.de\/wp-content\/uploads\/2024\/02\/mnmfr-18-1640x2048.jpeg 1640w, https:\/\/eatthefrog.de\/wp-content\/uploads\/2024\/02\/mnmfr-18-10x12.jpeg 10w, https:\/\/eatthefrog.de\/wp-content\/uploads\/2024\/02\/mnmfr-18-540x674.jpeg 540w, https:\/\/eatthefrog.de\/wp-content\/uploads\/2024\/02\/mnmfr-18-1080x1349.jpeg 1080w, https:\/\/eatthefrog.de\/wp-content\/uploads\/2024\/02\/mnmfr-18-1980x2473.jpeg 1980w\" sizes=\"auto, (max-width: 820px) 100vw, 820px\" \/><\/figure>\n\n\n\n<figure class=\"wp-block-image size-large\"><img loading=\"lazy\" decoding=\"async\" width=\"820\" height=\"1024\" data-id=\"725\" src=\"https:\/\/eatthefrog.de\/wp-content\/uploads\/2024\/02\/mnmfr-3-2-820x1024.jpeg\" alt=\"\" class=\"wp-image-725\" srcset=\"https:\/\/eatthefrog.de\/wp-content\/uploads\/2024\/02\/mnmfr-3-2-820x1024.jpeg 820w, https:\/\/eatthefrog.de\/wp-content\/uploads\/2024\/02\/mnmfr-3-2-240x300.jpeg 240w, https:\/\/eatthefrog.de\/wp-content\/uploads\/2024\/02\/mnmfr-3-2-768x959.jpeg 768w, https:\/\/eatthefrog.de\/wp-content\/uploads\/2024\/02\/mnmfr-3-2-1230x1536.jpeg 1230w, https:\/\/eatthefrog.de\/wp-content\/uploads\/2024\/02\/mnmfr-3-2-1640x2048.jpeg 1640w, https:\/\/eatthefrog.de\/wp-content\/uploads\/2024\/02\/mnmfr-3-2-10x12.jpeg 10w, https:\/\/eatthefrog.de\/wp-content\/uploads\/2024\/02\/mnmfr-3-2-540x674.jpeg 540w, https:\/\/eatthefrog.de\/wp-content\/uploads\/2024\/02\/mnmfr-3-2-1080x1349.jpeg 1080w, https:\/\/eatthefrog.de\/wp-content\/uploads\/2024\/02\/mnmfr-3-2-1980x2473.jpeg 1980w\" sizes=\"auto, (max-width: 820px) 100vw, 820px\" \/><\/figure>\n\n\n\n<figure class=\"wp-block-image size-large\"><img loading=\"lazy\" decoding=\"async\" width=\"1024\" height=\"683\" data-id=\"722\" src=\"https:\/\/eatthefrog.de\/wp-content\/uploads\/2024\/02\/mnm-1-1024x683.jpeg\" alt=\"\" class=\"wp-image-722\" srcset=\"https:\/\/eatthefrog.de\/wp-content\/uploads\/2024\/02\/mnm-1-1024x683.jpeg 1024w, https:\/\/eatthefrog.de\/wp-content\/uploads\/2024\/02\/mnm-1-300x200.jpeg 300w, https:\/\/eatthefrog.de\/wp-content\/uploads\/2024\/02\/mnm-1-768x512.jpeg 768w, https:\/\/eatthefrog.de\/wp-content\/uploads\/2024\/02\/mnm-1-1536x1024.jpeg 1536w, https:\/\/eatthefrog.de\/wp-content\/uploads\/2024\/02\/mnm-1-2048x1365.jpeg 2048w, https:\/\/eatthefrog.de\/wp-content\/uploads\/2024\/02\/mnm-1-18x12.jpeg 18w, https:\/\/eatthefrog.de\/wp-content\/uploads\/2024\/02\/mnm-1-540x360.jpeg 540w, https:\/\/eatthefrog.de\/wp-content\/uploads\/2024\/02\/mnm-1-1080x720.jpeg 1080w, https:\/\/eatthefrog.de\/wp-content\/uploads\/2024\/02\/mnm-1-1980x1320.jpeg 1980w\" sizes=\"auto, (max-width: 1024px) 100vw, 1024px\" \/><\/figure>\n\n\n\n<figure class=\"wp-block-image size-large\"><img loading=\"lazy\" decoding=\"async\" width=\"1024\" height=\"683\" data-id=\"723\" src=\"https:\/\/eatthefrog.de\/wp-content\/uploads\/2024\/02\/Mneme-9-1-1024x683.jpeg\" alt=\"\" class=\"wp-image-723\" srcset=\"https:\/\/eatthefrog.de\/wp-content\/uploads\/2024\/02\/Mneme-9-1-1024x683.jpeg 1024w, https:\/\/eatthefrog.de\/wp-content\/uploads\/2024\/02\/Mneme-9-1-300x200.jpeg 300w, https:\/\/eatthefrog.de\/wp-content\/uploads\/2024\/02\/Mneme-9-1-768x512.jpeg 768w, https:\/\/eatthefrog.de\/wp-content\/uploads\/2024\/02\/Mneme-9-1-1536x1024.jpeg 1536w, https:\/\/eatthefrog.de\/wp-content\/uploads\/2024\/02\/Mneme-9-1-2048x1365.jpeg 2048w, https:\/\/eatthefrog.de\/wp-content\/uploads\/2024\/02\/Mneme-9-1-18x12.jpeg 18w, https:\/\/eatthefrog.de\/wp-content\/uploads\/2024\/02\/Mneme-9-1-540x360.jpeg 540w, https:\/\/eatthefrog.de\/wp-content\/uploads\/2024\/02\/Mneme-9-1-1080x720.jpeg 1080w, https:\/\/eatthefrog.de\/wp-content\/uploads\/2024\/02\/Mneme-9-1-1980x1320.jpeg 1980w\" sizes=\"auto, (max-width: 1024px) 100vw, 1024px\" \/><\/figure>\n\n\n\n<figure class=\"wp-block-image size-large\"><img loading=\"lazy\" decoding=\"async\" width=\"1024\" height=\"683\" data-id=\"719\" src=\"https:\/\/eatthefrog.de\/wp-content\/uploads\/2024\/02\/mnmn-86-1024x683.jpeg\" alt=\"\" class=\"wp-image-719\" srcset=\"https:\/\/eatthefrog.de\/wp-content\/uploads\/2024\/02\/mnmn-86-1024x683.jpeg 1024w, https:\/\/eatthefrog.de\/wp-content\/uploads\/2024\/02\/mnmn-86-300x200.jpeg 300w, https:\/\/eatthefrog.de\/wp-content\/uploads\/2024\/02\/mnmn-86-768x512.jpeg 768w, https:\/\/eatthefrog.de\/wp-content\/uploads\/2024\/02\/mnmn-86-1536x1024.jpeg 1536w, https:\/\/eatthefrog.de\/wp-content\/uploads\/2024\/02\/mnmn-86-2048x1365.jpeg 2048w, https:\/\/eatthefrog.de\/wp-content\/uploads\/2024\/02\/mnmn-86-18x12.jpeg 18w, https:\/\/eatthefrog.de\/wp-content\/uploads\/2024\/02\/mnmn-86-540x360.jpeg 540w, https:\/\/eatthefrog.de\/wp-content\/uploads\/2024\/02\/mnmn-86-1080x720.jpeg 1080w, https:\/\/eatthefrog.de\/wp-content\/uploads\/2024\/02\/mnmn-86-1980x1320.jpeg 1980w\" sizes=\"auto, (max-width: 1024px) 100vw, 1024px\" \/><\/figure>\n<figcaption class=\"blocks-gallery-caption wp-element-caption\">Fotos: Mario Soose<\/figcaption><\/figure>\n\n\n\n<hr class=\"wp-block-separator has-alpha-channel-opacity\"\/>\n\n\n\n<h3 class=\"wp-block-heading\"><strong>Dates: <\/strong><\/h3>\n\n\n\n<p class=\"wp-block-paragraph\">09.08.2024 \u2022\u00a0MNEME x EAT THE FROG Kollektiv @Impro Festival 2024 &#8211; Tojhuset Fredericia, Denmark<\/p>\n\n\n\n<p class=\"wp-block-paragraph\">12.11.2023 \u2022&nbsp;MNEME x EAT THE FROG Kollektiv, Movie Premiere UNCIVILISATION &#8211; Cinema Kurbelkiste M\u00fcnster<\/p>\n\n\n\n<p class=\"wp-block-paragraph\">30.09.2023 \u2022&nbsp;MNEME x EAT THE FROG Kollektiv @Schaukasten Tanz, tanzXchange &#8211; Trafostation M\u00fcnster<\/p>\n\n\n\n<p class=\"wp-block-paragraph\">02.09.2023 \u2022&nbsp;MNEME x EAT THE FROG Kollektiv @Geisterstunde Festival &#8211; Burg H\u00fclshoff, Havixbeck<\/p>\n\n\n\n<p class=\"wp-block-paragraph\">17.-29.07.2023 \u2022&nbsp;MNEME x EAT THE FROG Kollektiv, Residency @H\u00e5lln\u00e4s konstkoloni &#8211; Sweden<\/p>\n\n\n\n<p class=\"wp-block-paragraph\">27.04.-04.05.2023 \u2022&nbsp;MNEME x EAT THE FROG Kollektiv in Kurdistan\/Iraq<\/p>\n\n\n\n<p class=\"wp-block-paragraph\">23.04.2023 \u2022&nbsp;MNEME x EAT THE FROG Kollektiv @Commoning Art Festival &#8211; Trafostation M\u00fcnster<\/p>\n\n\n\n<p class=\"wp-block-paragraph\">20.11.2022 \u2022&nbsp;MNEME x EAT THE FROG Kollektiv w\/ Hayden Chisholm, Vincent Moon, Georg Niehusmann, Videoshoot UNCIVILISATION &#8211; Haverkamp, M\u00fcnster<\/p>\n\n\n\n<p class=\"wp-block-paragraph\">18.11.2022 \u2022&nbsp;MNEME x EAT THE FROG Kollektiv, Tanzt Tanzt! w\/tanzXchange M\u00fcnster &#8211;  Volksbank M\u00fcnster<\/p>\n\n\n\n<p class=\"wp-block-paragraph\">13.07.2022 \u2022&nbsp;MNEME x EAT THE FROG Kollektiv Master Final Concert Tobias Link &#8211; Folkwang University Essen<\/p>\n\n\n\n<p class=\"wp-block-paragraph\">10.04.2022 \u2022&nbsp;MNEME x EAT THE FROG Kollektiv Videoshoot Uncivilisation-Project &#8211; Haverkamp, M\u00fcnster<\/p>\n\n\n\n<p class=\"wp-block-paragraph\">03.04.2022 \u2022&nbsp;MNEME x EAT THE FROG Kollektiv Improjam &#8211; Trafostation M\u00fcnster<\/p>\n\n\n\n<hr class=\"wp-block-separator has-alpha-channel-opacity\"\/>","protected":false},"excerpt":{"rendered":"<p>Die in M\u00fcnster\/Berlin ans\u00e4ssigen Tanz- und Musikkollektive MNEME und EAT THE FROG vereinen ihre Kr\u00e4fte f\u00fcr ihre ekstatischen, sinnlichen, zelebrierenden, gemeinschaftlichen und improvisierten Performances. Seit sie sich 2020&hellip;<\/p>","protected":false},"author":2,"featured_media":0,"parent":18,"menu_order":-4,"comment_status":"closed","ping_status":"closed","template":"","meta":{"_crdt_document":"","footnotes":""},"class_list":["post-645","page","type-page","status-publish","hentry"],"_links":{"self":[{"href":"https:\/\/eatthefrog.de\/en\/wp-json\/wp\/v2\/pages\/645","targetHints":{"allow":["GET"]}}],"collection":[{"href":"https:\/\/eatthefrog.de\/en\/wp-json\/wp\/v2\/pages"}],"about":[{"href":"https:\/\/eatthefrog.de\/en\/wp-json\/wp\/v2\/types\/page"}],"author":[{"embeddable":true,"href":"https:\/\/eatthefrog.de\/en\/wp-json\/wp\/v2\/users\/2"}],"replies":[{"embeddable":true,"href":"https:\/\/eatthefrog.de\/en\/wp-json\/wp\/v2\/comments?post=645"}],"version-history":[{"count":14,"href":"https:\/\/eatthefrog.de\/en\/wp-json\/wp\/v2\/pages\/645\/revisions"}],"predecessor-version":[{"id":1041,"href":"https:\/\/eatthefrog.de\/en\/wp-json\/wp\/v2\/pages\/645\/revisions\/1041"}],"up":[{"embeddable":true,"href":"https:\/\/eatthefrog.de\/en\/wp-json\/wp\/v2\/pages\/18"}],"wp:attachment":[{"href":"https:\/\/eatthefrog.de\/en\/wp-json\/wp\/v2\/media?parent=645"}],"curies":[{"name":"wp","href":"https:\/\/api.w.org\/{rel}","templated":true}]}}