{"id":651,"date":"2024-02-15T23:15:20","date_gmt":"2024-02-15T22:15:20","guid":{"rendered":"https:\/\/eatthefrog.de\/?page_id=651"},"modified":"2024-02-26T16:20:52","modified_gmt":"2024-02-26T15:20:52","slug":"extemporize","status":"publish","type":"page","link":"https:\/\/eatthefrog.de\/en\/projekte\/extemporize\/","title":{"rendered":"EXTEMPORIZE"},"content":{"rendered":"<figure class=\"wp-block-image alignwide size-large\"><img loading=\"lazy\" decoding=\"async\" width=\"1024\" height=\"683\" src=\"https:\/\/eatthefrog.de\/wp-content\/uploads\/2024\/02\/A96A4592-1024x683.jpg\" alt=\"\" class=\"wp-image-652\" srcset=\"https:\/\/eatthefrog.de\/wp-content\/uploads\/2024\/02\/A96A4592-1024x683.jpg 1024w, https:\/\/eatthefrog.de\/wp-content\/uploads\/2024\/02\/A96A4592-300x200.jpg 300w, https:\/\/eatthefrog.de\/wp-content\/uploads\/2024\/02\/A96A4592-768x512.jpg 768w, https:\/\/eatthefrog.de\/wp-content\/uploads\/2024\/02\/A96A4592-1536x1024.jpg 1536w, https:\/\/eatthefrog.de\/wp-content\/uploads\/2024\/02\/A96A4592-2048x1366.jpg 2048w, https:\/\/eatthefrog.de\/wp-content\/uploads\/2024\/02\/A96A4592-18x12.jpg 18w, https:\/\/eatthefrog.de\/wp-content\/uploads\/2024\/02\/A96A4592-540x360.jpg 540w, https:\/\/eatthefrog.de\/wp-content\/uploads\/2024\/02\/A96A4592-1080x720.jpg 1080w, https:\/\/eatthefrog.de\/wp-content\/uploads\/2024\/02\/A96A4592-1980x1320.jpg 1980w\" sizes=\"auto, (max-width: 1024px) 100vw, 1024px\" \/><figcaption class=\"wp-element-caption\">Foto: Philipp Foelting<\/figcaption><\/figure>\n\n\n\n<hr class=\"wp-block-separator has-alpha-channel-opacity\"\/>\n\n\n\n<p class=\"wp-block-paragraph\">Extemporize (=to express something, to perform without preparation)<\/p>\n\n\n\n<p class=\"wp-block-paragraph\"><em>EXTEMPORIZE<\/em> is a musical sign language by Danish artist Nana Pi Aabo Larsen that can be implemented in both educational and artistic contexts.&nbsp;<\/p>\n\n\n\n<p class=\"wp-block-paragraph\">We create music in the moment, improvising and exploring together, listening and communicating with each other. With the help of the signs, the participants are sensitized to sounds and noises and learn to perceive and listen in new ways. In this way, an orchestra is created from a multitude of sounds.<\/p>\n\n\n\n<p class=\"wp-block-paragraph\">The workshop is for musicians of all levels who are open and curious to experience music in a new way.&nbsp;<\/p>\n\n\n\n<p class=\"wp-block-paragraph\">Previous experience in improvisation is not necessary.&nbsp;<\/p>\n\n\n\n<hr class=\"wp-block-separator has-alpha-channel-opacity\"\/>\n\n\n\n<figure class=\"wp-block-embed is-type-video is-provider-youtube wp-block-embed-youtube wp-embed-aspect-16-9 wp-has-aspect-ratio\"><div class=\"wp-block-embed__wrapper\">\n<iframe loading=\"lazy\" title=\"EXTEMPORIZE with Nana Pi Aabo Larsen, August 2021\" width=\"580\" height=\"326\" src=\"https:\/\/www.youtube.com\/embed\/1F-ZwS1DioA?feature=oembed\" frameborder=\"0\" allow=\"accelerometer; autoplay; clipboard-write; encrypted-media; gyroscope; picture-in-picture; web-share\" referrerpolicy=\"strict-origin-when-cross-origin\" allowfullscreen><\/iframe>\n<\/div><\/figure>\n\n\n\n<hr class=\"wp-block-separator has-alpha-channel-opacity\"\/>\n\n\n\n<h3 class=\"wp-block-heading\"><strong>Dates:<\/strong><\/h3>\n\n\n\n<p class=\"wp-block-paragraph\">12.08.2023 &#8211; @ImproFestival &#8211; Tojhuset Fredericia<\/p>\n\n\n\n<p class=\"wp-block-paragraph\">27.04.-04.05.2023 &#8211; 3day Workshop +Performance w\/ the HELAN-Band &#8211; Erbil,Kurdistan\/Iraq <\/p>\n\n\n\n<p class=\"wp-block-paragraph\">22.03.2023 &#8211; @Commoning Art Festival &#8211; Trafostation M\u00fcnster<\/p>\n\n\n\n<p class=\"wp-block-paragraph\">20.08.2022 &#8211; Workshop + Performance &#8211; Trafostation M\u00fcnster<\/p>\n\n\n\n<p class=\"wp-block-paragraph\">13.08.2022 &#8211; @ImproFestival &#8211; Tojhuset Fredericia<\/p>\n\n\n\n<p class=\"wp-block-paragraph\">21.05.2022 &#8211; Workshop + Performance &#8211; Trafostation M\u00fcnster<\/p>\n\n\n\n<p class=\"wp-block-paragraph\">23.04.2022 &#8211; @HELAN Kurdish Mixed Arts Festival, Kurdish-Edition &#8211; Trafostation M\u00fcnster<\/p>\n\n\n\n<p class=\"wp-block-paragraph\">26.03.2022 &#8211; Workshop + Performance &#8211; Trafostation M\u00fcnster<\/p>\n\n\n\n<p class=\"wp-block-paragraph\">27.11.2021 &#8211; feat. Nana Pi Aabo Kim Workshop + Performance &#8211; Trafostation M\u00fcnster<\/p>\n\n\n\n<p class=\"wp-block-paragraph\">23.10.2021 &#8211; Workshop + Performance &#8211; Trafostation M\u00fcnster<\/p>\n\n\n\n<p class=\"wp-block-paragraph\">18.09.2021 &#8211; Workshop + Performance &#8211; Trafostation M\u00fcnster<\/p>\n\n\n\n<p class=\"wp-block-paragraph\">28.08.2021 &#8211; Denmark Edition, Workshop + Performance &#8211; Trafostation M\u00fcnster<\/p>\n\n\n\n<p class=\"wp-block-paragraph\">14.08.2021 &#8211; @Improfestival &#8211; Tojhuset, Fredericia<\/p>\n\n\n\n<p class=\"wp-block-paragraph\">31.06.2021 &#8211; Workshop + Performance &#8211; Trafostation M\u00fcnster<\/p>\n\n\n\n<p class=\"wp-block-paragraph\">22.05.2021 &#8211; Workshop + Performance &#8211; Trafostation M\u00fcnster<\/p>\n\n\n\n<hr class=\"wp-block-separator has-alpha-channel-opacity\"\/>","protected":false},"excerpt":{"rendered":"<p>Extemporize (=etwas ausdr\u00fccken, auff\u00fchren ohne Vorbereitung) EXTEMPORIZE ist eine musikalische Zeichensprache der d\u00e4nischen K\u00fcnstlerin Nana Pi Aabo Larsen, die sowohl in edukativen, als auch in k\u00fcnstlerischen Zusammenh\u00e4ngen angewendet&hellip;<\/p>","protected":false},"author":2,"featured_media":0,"parent":18,"menu_order":-5,"comment_status":"closed","ping_status":"closed","template":"","meta":{"_crdt_document":"","footnotes":""},"class_list":["post-651","page","type-page","status-publish","hentry"],"_links":{"self":[{"href":"https:\/\/eatthefrog.de\/en\/wp-json\/wp\/v2\/pages\/651","targetHints":{"allow":["GET"]}}],"collection":[{"href":"https:\/\/eatthefrog.de\/en\/wp-json\/wp\/v2\/pages"}],"about":[{"href":"https:\/\/eatthefrog.de\/en\/wp-json\/wp\/v2\/types\/page"}],"author":[{"embeddable":true,"href":"https:\/\/eatthefrog.de\/en\/wp-json\/wp\/v2\/users\/2"}],"replies":[{"embeddable":true,"href":"https:\/\/eatthefrog.de\/en\/wp-json\/wp\/v2\/comments?post=651"}],"version-history":[{"count":7,"href":"https:\/\/eatthefrog.de\/en\/wp-json\/wp\/v2\/pages\/651\/revisions"}],"predecessor-version":[{"id":959,"href":"https:\/\/eatthefrog.de\/en\/wp-json\/wp\/v2\/pages\/651\/revisions\/959"}],"up":[{"embeddable":true,"href":"https:\/\/eatthefrog.de\/en\/wp-json\/wp\/v2\/pages\/18"}],"wp:attachment":[{"href":"https:\/\/eatthefrog.de\/en\/wp-json\/wp\/v2\/media?parent=651"}],"curies":[{"name":"wp","href":"https:\/\/api.w.org\/{rel}","templated":true}]}}